{"id":2379,"date":"2024-10-21T11:30:02","date_gmt":"2024-10-21T09:30:02","guid":{"rendered":"https:\/\/www.motalahissar.se\/produkte-und-dienstleistungen\/"},"modified":"2024-10-30T12:11:26","modified_gmt":"2024-10-30T11:11:26","slug":"produkte-und-dienstleistungen","status":"publish","type":"page","link":"https:\/\/www.motalahissar.se\/de\/produkte-und-dienstleistungen\/","title":{"rendered":"Produkte"},"content":{"rendered":"<p>[et_pb_section fb_built=&#8220;1&#8243; custom_padding_last_edited=&#8220;on|phone&#8220; _builder_version=&#8220;4.23.1&#8243; custom_padding=&#8220;5%|0px|5%|0px|true|false&#8220; custom_padding_tablet=&#8220;8%||8%||true|false&#8220; custom_padding_phone=&#8220;10%||10%||true|false&#8220; global_colors_info=&#8220;{}&#8220;][et_pb_row column_structure=&#8220;1_2,1_2&#8243; use_custom_gutter=&#8220;on&#8220; gutter_width=&#8220;2&#8243; make_equal=&#8220;on&#8220; _builder_version=&#8220;4.16&#8243; background_size=&#8220;initial&#8220; background_position=&#8220;top_left&#8220; background_repeat=&#8220;repeat&#8220; width=&#8220;100%&#8220; width_tablet=&#8220;100%&#8220; width_phone=&#8220;100%&#8220; width_last_edited=&#8220;off|tablet&#8220; max_width=&#8220;70%&#8220; max_width_tablet=&#8220;&#8220; max_width_phone=&#8220;85%&#8220; max_width_last_edited=&#8220;on|phone&#8220; custom_padding=&#8220;0px|0px|0px|0px|false|false&#8220; use_custom_width=&#8220;on&#8220; width_unit=&#8220;off&#8220; custom_width_percent=&#8220;70%&#8220; global_colors_info=&#8220;{}&#8220;][et_pb_column type=&#8220;1_2&#8243; _builder_version=&#8220;4.16&#8243; custom_padding=&#8220;|||&#8220; global_colors_info=&#8220;{}&#8220; custom_padding__hover=&#8220;|||&#8220;][et_pb_text _builder_version=&#8220;4.23.1&#8243; header_font=&#8220;||||||||&#8220; header_3_font=&#8220;||||||||&#8220; width_phone=&#8220;100%&#8220; width_last_edited=&#8220;off|desktop&#8220; max_width_phone=&#8220;none&#8220; max_width_last_edited=&#8220;off|phone&#8220; custom_padding=&#8220;0px||0px||true|true&#8220; header_font_size_tablet=&#8220;38px&#8220; header_font_size_phone=&#8220;32px&#8220; header_font_size_last_edited=&#8220;on|phone&#8220; header_2_font_size_tablet=&#8220;28px&#8220; header_2_font_size_phone=&#8220;25px&#8220; header_2_font_size_last_edited=&#8220;on|phone&#8220; header_3_font_size_tablet=&#8220;&#8220; header_3_font_size_phone=&#8220;25px&#8220; header_3_font_size_last_edited=&#8220;on|phone&#8220; global_colors_info=&#8220;{}&#8220;]<\/p>\n<h1>Motala Hissar &#8211; wenn der Platz knapp ist<\/h1>\n<p>Unsere Produkte ben\u00f6tigen keinen Maschinenraum \u00fcber dem Lift, sondern alles ist in den selbsttragenden Schacht integriert, der immer mit dem Produkt geliefert wird. Wenn wir einen selbsttragenden Schacht f\u00fcr unsere Plattformlifte liefern, brauchen wir keinen vorhandenen Schacht, sondern nur ein Loch durch die Balken, wo der Lift stehen wird. <\/p>\n<p>Ketten- oder riemengetriebene Lifte haben kein Gegengewicht. Das spart Platz, reduziert das Gewicht und den Preis und verk\u00fcrzt die Installationszeit auf ein Minimum. <\/p>\n<p>&nbsp;<\/p>\n<h2>Unsere Liftmodelle:<\/h2>\n<p><a href=\"https:\/\/www.motalahissar.se\/de\/motala-b6\/\"><strong>Motala B6<\/strong><\/a> ist ein Aufzug gem\u00e4\u00df der Aufzugsrichtlinie (EN81-20) und ist wahrscheinlich der platzsparendste Aufzug der Welt. Er wird in der Regel in bestehende Geb\u00e4ude eingebaut, zum Beispiel in bestehende Treppenh\u00e4user, bietet aber auch eine platzsparende Alternative f\u00fcr Neubauten. Wir bieten L\u00f6sungen mit einer H\u00f6he von bis zu 30 m, 16 Etagen, einer gro\u00dfen Auswahl an Gr\u00f6\u00dfen und einer Fahrgeschwindigkeit von 0,6 m\/s.  <\/p>\n<p><a href=\"https:\/\/www.motalahissar.se\/de\/motala-2000\/\"><strong>Motala 2000<\/strong><\/a> ist mit unserem \u00e4u\u00dferst zuverl\u00e4ssigen Kettenantrieb ausgestattet. Im Gegensatz zu Schneckenantrieben, die normalerweise in Plattformliften verwendet werden, ist diese Technologie verschlei\u00dffrei, erfordert wenig oder gar keine Wartung in Form von Austausch oder Reparatur unseres kontrollierten Kettenantriebs und verursacht keine Ger\u00e4usche. Wir sind von der Zuverl\u00e4ssigkeit des Kettenantriebs so \u00fcberzeugt, dass wir eine lebenslange Garantie auf die Zahnr\u00e4der, die Kette und die F\u00fchrungsschienen gew\u00e4hren. Wir verwenden diese Technologie bereits seit 1995 ohne Probleme.   <\/p>\n<p><a href=\"https:\/\/www.motalahissar.se\/de\/motala-2000-home\/\"><strong>Motala 2000 Home<\/strong><\/a> ist eine etwas einfachere Version von Motala 2000 f\u00fcr den Einsatz in Wohnungen.<\/p>\n<p><a href=\"https:\/\/www.motalahissar.se\/de\/motala-2000-kabine\/\"><strong>Motala 2000 Kabine<\/strong><\/a> wird mit der gleichen Art von Kettenantrieb (kontrollierte Kette) und der gleichen lebenslangen Garantie auf den Kettenantrieb wie f\u00fcr Motala 2000 geliefert. Der Unterschied besteht darin, dass der Motala 2000 Kabinenlift \u00fcber einen vollen Korb mit Korbt\u00fcren verf\u00fcgt, was bedeutet, dass der Lift sowohl im Ruf- als auch im Zielbereich impulsgesteuert ist. <\/p>\n<p>&nbsp;<\/p>\n<h2>Einfacher Service<\/h2>\n<p>Die Kette hat eine Beschichtung, die die Reibung reduziert. Dadurch entf\u00e4llt der Bedarf an \u00d6l, was den Wartungsbedarf reduziert. Es treten keine \u00d6llecks auf und es gibt kein Alt\u00f6l, das entsorgt werden muss. Es besteht weniger Bedarf an Reinigung.   <\/p>\n<p>Das elektrische Antriebssystem verf\u00fcgt \u00fcber einen Frequenzumrichter, der den Stromverbrauch minimiert und ein sanftes Anhalten und Starten erm\u00f6glicht. Dies reduziert die Belastung des elektrischen Systems und sorgt f\u00fcr einen niedrigen Energieverbrauch. F\u00fcr unseren Kettenantrieb wird nur eine Phase mit einer 10A-Sicherung ben\u00f6tigt, im Vergleich zu 16A, die sonst bei Plattformliften \u00fcblich sind, wenn die Plattform z.B. mit Schrauben und Muttern angehoben wird.   <\/p>\n<p>&nbsp;<\/p>\n<h2>Schnelle und einfache Installation<\/h2>\n<p>Alle unsere Produkte sind einfach zu installieren. Der Motala 2000 Plattformlift kann in nur zwei Tagen und der Motala 2000 Kabine in drei Tagen installiert werden, da der Lift mit speziellen Plattformen, die von Motala Hissar geliefert werden, vom Inneren des Schachts aus aufgebaut wird &#8211; so wird beim Aufbau kein Ger\u00fcst um den Schacht herum ben\u00f6tigt.<\/p>\n<p>&nbsp;<\/p>\n<h2>Garantie<\/h2>\n<p>Wir geben eine lebenslange Garantie auf die Zahnr\u00e4der, die Kette und die F\u00fchrungsschienen der Motala 2000 und Motala 2000 Kabine, um unser gro\u00dfes Vertrauen in diese Konstruktion zu zeigen. Bis heute haben wir noch nie eine Kette ersetzt. Auf den Rest des Antriebssystems gew\u00e4hren wir 5 Jahre Garantie und f\u00fcr den Rest des Lifts gilt die \u00fcbliche Garantie von 2 Jahren (au\u00dferhalb Schwedens betr\u00e4gt die Garantie 1 Jahr).  <\/p>\n<p>[\/et_pb_text][\/et_pb_column][et_pb_column type=&#8220;1_2&#8243; _builder_version=&#8220;4.16&#8243; custom_padding=&#8220;|||&#8220; global_colors_info=&#8220;{}&#8220; custom_padding__hover=&#8220;|||&#8220;][et_pb_image src=&#8220;https:\/\/www.motalahissar.se\/wp-content\/uploads\/2024\/02\/Produkter-M2000.webp&#8220; alt=&#8220;Aufz\u00fcge f\u00fcr Eing\u00e4nge&#8220; align_tablet=&#8220;center&#8220; align_phone=&#8220;&#8220; align_last_edited=&#8220;on|desktop&#8220; _builder_version=&#8220;4.24.0&#8243; custom_padding=&#8220;0px||||false|true&#8220; hover_enabled=&#8220;0&#8243; global_colors_info=&#8220;{}&#8220; title_text=&#8220;M2000&#8243; sticky_enabled=&#8220;0&#8243; custom_margin=&#8220;||30px||false|false&#8220;]<br \/>\n[\/et_pb_image][et_pb_image src=&#8220;https:\/\/www.motalahissar.se\/wp-content\/uploads\/2024\/02\/Produkter-Knapp.webp&#8220; alt=&#8220;Lifte mit leicht zu bedienenden Panels&#8220; align_tablet=&#8220;center&#8220; align_phone=&#8220;&#8220; align_last_edited=&#8220;on|desktop&#8220; _builder_version=&#8220;4.24.0&#8243; custom_padding=&#8220;||||false|true&#8220; hover_enabled=&#8220;0&#8243; global_colors_info=&#8220;{}&#8220; title_text=&#8220;Taste&#8220; sticky_enabled=&#8220;0&#8243;]<br \/>\n[\/et_pb_image][\/et_pb_column][\/et_pb_row][\/et_pb_section]<\/p>\n","protected":false},"excerpt":{"rendered":"<p>Motala Hissar &#8211; wenn der Platz knapp ist Unsere Produkte ben\u00f6tigen keinen Maschinenraum \u00fcber dem Lift, sondern alles ist in den selbsttragenden Schacht integriert, der immer mit dem Produkt geliefert wird. Wenn wir einen selbsttragenden Schacht f\u00fcr unsere Plattformlifte liefern, brauchen wir keinen vorhandenen Schacht, sondern nur ein Loch durch die Balken, wo der Lift [&hellip;]<\/p>\n","protected":false},"author":1,"featured_media":0,"parent":0,"menu_order":0,"comment_status":"closed","ping_status":"closed","template":"","meta":{"_et_pb_use_builder":"on","_et_pb_old_content":"","_et_gb_content_width":"","footnotes":""},"class_list":["post-2379","page","type-page","status-publish","hentry"],"yoast_head":"<!-- This site is optimized with the Yoast SEO plugin v27.4 - https:\/\/yoast.com\/product\/yoast-seo-wordpress\/ -->\n<title>Lifte, die am besten sind, wenn der Platz knapp ist | Motala Hissar<\/title>\n<meta name=\"description\" content=\"Lifte, die den vorhandenen Platz effizient ausnutzen, sind das Markenzeichen der Produkte von Motala Hissar. Lesen Sie hier mehr \u00fcber unsere Plattform- und Korblifte!\" \/>\n<meta name=\"robots\" content=\"index, follow, max-snippet:-1, max-image-preview:large, max-video-preview:-1\" \/>\n<link rel=\"canonical\" href=\"https:\/\/www.motalahissar.se\/de\/produkte-und-dienstleistungen\/\" \/>\n<meta property=\"og:locale\" content=\"de_DE\" \/>\n<meta property=\"og:type\" content=\"article\" \/>\n<meta property=\"og:title\" content=\"Lifte, die am besten sind, wenn der Platz knapp ist | Motala Hissar\" \/>\n<meta property=\"og:description\" content=\"Lifte, die den vorhandenen Platz effizient ausnutzen, sind das Markenzeichen der Produkte von Motala Hissar. Lesen Sie hier mehr \u00fcber unsere Plattform- und Korblifte!\" \/>\n<meta property=\"og:url\" content=\"https:\/\/www.motalahissar.se\/de\/produkte-und-dienstleistungen\/\" \/>\n<meta property=\"og:site_name\" content=\"Motala Hissar\" \/>\n<meta property=\"article:modified_time\" content=\"2024-10-30T11:11:26+00:00\" \/>\n<meta name=\"twitter:card\" content=\"summary_large_image\" \/>\n<meta name=\"twitter:label1\" content=\"Gesch\u00e4tzte Lesezeit\" \/>\n\t<meta name=\"twitter:data1\" content=\"4\u00a0Minuten\" \/>\n<script type=\"application\/ld+json\" class=\"yoast-schema-graph\">{\"@context\":\"https:\\\/\\\/schema.org\",\"@graph\":[{\"@type\":\"WebPage\",\"@id\":\"https:\\\/\\\/www.motalahissar.se\\\/de\\\/produkte-und-dienstleistungen\\\/\",\"url\":\"https:\\\/\\\/www.motalahissar.se\\\/de\\\/produkte-und-dienstleistungen\\\/\",\"name\":\"Lifte, die am besten sind, wenn der Platz knapp ist | Motala Hissar\",\"isPartOf\":{\"@id\":\"https:\\\/\\\/www.motalahissar.se\\\/de\\\/#website\"},\"datePublished\":\"2024-10-21T09:30:02+00:00\",\"dateModified\":\"2024-10-30T11:11:26+00:00\",\"description\":\"Lifte, die den vorhandenen Platz effizient ausnutzen, sind das Markenzeichen der Produkte von Motala Hissar. Lesen Sie hier mehr \u00fcber unsere Plattform- und Korblifte!\",\"breadcrumb\":{\"@id\":\"https:\\\/\\\/www.motalahissar.se\\\/de\\\/produkte-und-dienstleistungen\\\/#breadcrumb\"},\"inLanguage\":\"de\",\"potentialAction\":[{\"@type\":\"ReadAction\",\"target\":[\"https:\\\/\\\/www.motalahissar.se\\\/de\\\/produkte-und-dienstleistungen\\\/\"]}]},{\"@type\":\"BreadcrumbList\",\"@id\":\"https:\\\/\\\/www.motalahissar.se\\\/de\\\/produkte-und-dienstleistungen\\\/#breadcrumb\",\"itemListElement\":[{\"@type\":\"ListItem\",\"position\":1,\"name\":\"Hem\",\"item\":\"https:\\\/\\\/www.motalahissar.se\\\/de\\\/\"},{\"@type\":\"ListItem\",\"position\":2,\"name\":\"Produkte\"}]},{\"@type\":\"WebSite\",\"@id\":\"https:\\\/\\\/www.motalahissar.se\\\/de\\\/#website\",\"url\":\"https:\\\/\\\/www.motalahissar.se\\\/de\\\/\",\"name\":\"Motala Hissar\",\"description\":\"Utrymmeseffektiva, innovativa plattformshissar\",\"potentialAction\":[{\"@type\":\"SearchAction\",\"target\":{\"@type\":\"EntryPoint\",\"urlTemplate\":\"https:\\\/\\\/www.motalahissar.se\\\/de\\\/?s={search_term_string}\"},\"query-input\":{\"@type\":\"PropertyValueSpecification\",\"valueRequired\":true,\"valueName\":\"search_term_string\"}}],\"inLanguage\":\"de\"}]}<\/script>\n<!-- \/ Yoast SEO plugin. -->","yoast_head_json":{"title":"Lifte, die am besten sind, wenn der Platz knapp ist | Motala Hissar","description":"Lifte, die den vorhandenen Platz effizient ausnutzen, sind das Markenzeichen der Produkte von Motala Hissar. Lesen Sie hier mehr \u00fcber unsere Plattform- und Korblifte!","robots":{"index":"index","follow":"follow","max-snippet":"max-snippet:-1","max-image-preview":"max-image-preview:large","max-video-preview":"max-video-preview:-1"},"canonical":"https:\/\/www.motalahissar.se\/de\/produkte-und-dienstleistungen\/","og_locale":"de_DE","og_type":"article","og_title":"Lifte, die am besten sind, wenn der Platz knapp ist | Motala Hissar","og_description":"Lifte, die den vorhandenen Platz effizient ausnutzen, sind das Markenzeichen der Produkte von Motala Hissar. Lesen Sie hier mehr \u00fcber unsere Plattform- und Korblifte!","og_url":"https:\/\/www.motalahissar.se\/de\/produkte-und-dienstleistungen\/","og_site_name":"Motala Hissar","article_modified_time":"2024-10-30T11:11:26+00:00","twitter_card":"summary_large_image","twitter_misc":{"Gesch\u00e4tzte Lesezeit":"4\u00a0Minuten"},"schema":{"@context":"https:\/\/schema.org","@graph":[{"@type":"WebPage","@id":"https:\/\/www.motalahissar.se\/de\/produkte-und-dienstleistungen\/","url":"https:\/\/www.motalahissar.se\/de\/produkte-und-dienstleistungen\/","name":"Lifte, die am besten sind, wenn der Platz knapp ist | Motala Hissar","isPartOf":{"@id":"https:\/\/www.motalahissar.se\/de\/#website"},"datePublished":"2024-10-21T09:30:02+00:00","dateModified":"2024-10-30T11:11:26+00:00","description":"Lifte, die den vorhandenen Platz effizient ausnutzen, sind das Markenzeichen der Produkte von Motala Hissar. Lesen Sie hier mehr \u00fcber unsere Plattform- und Korblifte!","breadcrumb":{"@id":"https:\/\/www.motalahissar.se\/de\/produkte-und-dienstleistungen\/#breadcrumb"},"inLanguage":"de","potentialAction":[{"@type":"ReadAction","target":["https:\/\/www.motalahissar.se\/de\/produkte-und-dienstleistungen\/"]}]},{"@type":"BreadcrumbList","@id":"https:\/\/www.motalahissar.se\/de\/produkte-und-dienstleistungen\/#breadcrumb","itemListElement":[{"@type":"ListItem","position":1,"name":"Hem","item":"https:\/\/www.motalahissar.se\/de\/"},{"@type":"ListItem","position":2,"name":"Produkte"}]},{"@type":"WebSite","@id":"https:\/\/www.motalahissar.se\/de\/#website","url":"https:\/\/www.motalahissar.se\/de\/","name":"Motala Hissar","description":"Utrymmeseffektiva, innovativa plattformshissar","potentialAction":[{"@type":"SearchAction","target":{"@type":"EntryPoint","urlTemplate":"https:\/\/www.motalahissar.se\/de\/?s={search_term_string}"},"query-input":{"@type":"PropertyValueSpecification","valueRequired":true,"valueName":"search_term_string"}}],"inLanguage":"de"}]}},"_links":{"self":[{"href":"https:\/\/www.motalahissar.se\/de\/wp-json\/wp\/v2\/pages\/2379","targetHints":{"allow":["GET"]}}],"collection":[{"href":"https:\/\/www.motalahissar.se\/de\/wp-json\/wp\/v2\/pages"}],"about":[{"href":"https:\/\/www.motalahissar.se\/de\/wp-json\/wp\/v2\/types\/page"}],"author":[{"embeddable":true,"href":"https:\/\/www.motalahissar.se\/de\/wp-json\/wp\/v2\/users\/1"}],"replies":[{"embeddable":true,"href":"https:\/\/www.motalahissar.se\/de\/wp-json\/wp\/v2\/comments?post=2379"}],"version-history":[{"count":15,"href":"https:\/\/www.motalahissar.se\/de\/wp-json\/wp\/v2\/pages\/2379\/revisions"}],"predecessor-version":[{"id":2811,"href":"https:\/\/www.motalahissar.se\/de\/wp-json\/wp\/v2\/pages\/2379\/revisions\/2811"}],"wp:attachment":[{"href":"https:\/\/www.motalahissar.se\/de\/wp-json\/wp\/v2\/media?parent=2379"}],"curies":[{"name":"wp","href":"https:\/\/api.w.org\/{rel}","templated":true}]}}