{"id":2390,"date":"2024-10-21T11:30:03","date_gmt":"2024-10-21T09:30:03","guid":{"rendered":"https:\/\/www.motalahissar.se\/motala-2000\/"},"modified":"2025-01-31T13:26:38","modified_gmt":"2025-01-31T12:26:38","slug":"motala-2000","status":"publish","type":"page","link":"https:\/\/www.motalahissar.se\/de\/motala-2000\/","title":{"rendered":"Motala 2000"},"content":{"rendered":"<p>[et_pb_section fb_built=&#8220;1&#8243; custom_padding_last_edited=&#8220;on|phone&#8220; _builder_version=&#8220;4.23.1&#8243; custom_padding=&#8220;5%|0px|5%|0px|true|false&#8220; custom_padding_tablet=&#8220;8%||8%||true|false&#8220; custom_padding_phone=&#8220;10%||10%||true|false&#8220; global_colors_info=&#8220;{}&#8220;][et_pb_row column_structure=&#8220;1_2,1_2&#8243; use_custom_gutter=&#8220;on&#8220; gutter_width=&#8220;2&#8243; make_equal=&#8220;on&#8220; _builder_version=&#8220;4.16&#8243; background_size=&#8220;initial&#8220; background_position=&#8220;top_left&#8220; background_repeat=&#8220;repeat&#8220; width=&#8220;70%&#8220; width_tablet=&#8220;&#8220; width_phone=&#8220;85%&#8220; width_last_edited=&#8220;on|phone&#8220; max_width_phone=&#8220;1080px&#8220; max_width_last_edited=&#8220;off|phone&#8220; custom_padding=&#8220;0px|0px|70px|0px|false|false&#8220; use_custom_width=&#8220;on&#8220; width_unit=&#8220;off&#8220; custom_width_percent=&#8220;70%&#8220; global_colors_info=&#8220;{}&#8220;][et_pb_column type=&#8220;1_2&#8243; _builder_version=&#8220;4.16&#8243; custom_padding=&#8220;|||&#8220; global_colors_info=&#8220;{}&#8220; custom_padding__hover=&#8220;|||&#8220;][et_pb_text _builder_version=&#8220;4.24.3&#8243; custom_padding=&#8220;0px||0px||true|false&#8220; header_font_size_tablet=&#8220;38px&#8220; header_font_size_phone=&#8220;32px&#8220; header_font_size_last_edited=&#8220;on|desktop&#8220; header_2_font_size_tablet=&#8220;28px&#8220; header_2_font_size_phone=&#8220;25px&#8220; header_2_font_size_last_edited=&#8220;on|phone&#8220; global_colors_info=&#8220;{}&#8220;]<\/p>\n<h1>Motala 2000<\/h1>\n<p>Der Motala 2000 ist mit unserem \u00e4u\u00dferst <a href=\"https:\/\/www.motalahissar.se\/de\/innovationen\/\">zuverl\u00e4ssigen Kettenantrieb<\/a> ausgestattet. Im Gegensatz zu Schneckenantrieben, die normalerweise in Plattformliften verwendet werden, verursacht diese Technologie keinen Verschlei\u00df. Der Lift muss nur selten oder gar nicht gewartet werden, um unseren kontrollierten Kettenantrieb auszutauschen oder zu reparieren, und die Technologie verursacht keinen L\u00e4rm. Wir sind von der Zuverl\u00e4ssigkeit des Kettenantriebs so \u00fcberzeugt, dass wir eine lebenslange Garantie auf die Zahnr\u00e4der, die Kette und die F\u00fchrungsschienen gew\u00e4hren. Wir verwenden diese Technologie seit 1995 ohne Probleme.   <\/p>\n<p>Plattformlifte wie der Motala 2000 werden h\u00e4ufig f\u00fcr die Barrierefreiheit in \u00f6ffentlichen Geb\u00e4uden eingesetzt. Diese Art von Aufzug hat keine Kabine, sondern eine Hebeplattform. Dadurch sind Plattformlifte in der Anschaffung und Installation wesentlich g\u00fcnstiger als andere Arten von Aufz\u00fcgen. <\/p>\n<p>Der Umbau bestehender Geb\u00e4ude f\u00fcr einen neuen Zweck, wie z.B. die Umwandlung von Industrier\u00e4umen in Gro\u00dfraumb\u00fcros oder ein Restaurant, sind weitere Beispiele f\u00fcr Anwendungen, bei denen die Zug\u00e4nglichkeit angepasst werden muss.<\/p>\n<p>Motala 2000 erf\u00fcllt die aktuellen Anforderungen in Geb\u00e4uden, ohne mehr Platz als unbedingt n\u00f6tig zu beanspruchen. Der Schacht kann an allen Seiten mit einer Verglasung versehen werden, um ein attraktives Aussehen zu gew\u00e4hrleisten. Der Aufzug ist au\u00dferdem umweltfreundlich &#8211; der Energieverbrauch betr\u00e4gt nur ein Drittel der meisten vergleichbaren Produkte und f\u00fcr die Wartung ist kein \u00d6lwechsel erforderlich. Motala 2000 ist von <a href=\"https:\/\/www.byggvarubedomningen.se\/bedomningar\/\" target=\"_blank\" rel=\"noopener\">Byggvarubed\u00f6mningen<\/a> zugelassen.   <\/p>\n<p>&nbsp;<\/p>\n<h2>Einfacher Service<\/h2>\n<p>Die Kette hat eine Beschichtung, die die Reibung reduziert. Dadurch entf\u00e4llt der Bedarf an \u00d6l, was den Wartungsbedarf reduziert. Es treten keine \u00d6llecks auf und es gibt kein Alt\u00f6l, das entsorgt werden muss. Es besteht weniger Bedarf an Reinigung.   <\/p>\n<p>Das elektrische Antriebssystem verf\u00fcgt \u00fcber einen Frequenzumrichter, der den Stromverbrauch minimiert und ein sanftes Anhalten und Starten erm\u00f6glicht. Dies reduziert die Belastung des elektrischen Systems und sorgt f\u00fcr einen niedrigen Energieverbrauch. F\u00fcr unseren Kettenantrieb wird nur eine Phase mit einer 10A-Sicherung ben\u00f6tigt, im Vergleich zu 16A, die sonst bei Plattformliften \u00fcblich sind, wenn die Plattform z.B. mit Schrauben und Muttern angehoben wird.   <\/p>\n<p>&nbsp;<\/p>\n<h2>Schnelle und einfache Installation<\/h2>\n<p>Die Installation ist schnell und einfach und dauert nur ein paar Tage. Der Lift ist f\u00fcr eine einfache Handhabung konzipiert und mit intelligenter Technologie und hoher Qualit\u00e4t hergestellt. Motala 2000 ist nach EN81-41 zertifiziert.  <\/p>\n<p>&nbsp;<\/p>\n<h2>Garantie<\/h2>\n<p>Wir geben eine lebenslange Garantie auf die Zahnr\u00e4der, die Kette und die F\u00fchrungsschienen der Motala 2000 und Motala 2000 Kabine, um unser gro\u00dfes Vertrauen in diese Konstruktion zu zeigen. Bis heute haben wir noch nie eine Kette ersetzt. Auf den Rest des Antriebssystems gew\u00e4hren wir 5 Jahre Garantie und f\u00fcr den Rest des Lifts gilt die \u00fcbliche Garantie von 2 Jahren (au\u00dferhalb Schwedens betr\u00e4gt die Garantie 1 Jahr).  <\/p>\n<p>&nbsp;<\/p>\n<h2>Produktblatt<\/h2>\n<p>[\/et_pb_text][et_pb_button button_url=&#8220;https:\/\/www.motalahissar.se\/wp-content\/uploads\/2025\/01\/Motala-2000_DE-jan25.pdf&#8220; url_new_window=&#8220;on&#8220; button_text=&#8220;Motala 2000&#8243; button_alignment=&#8220;left&#8220; _builder_version=&#8220;4.27.4&#8243; hover_enabled=&#8220;0&#8243; locked=&#8220;off&#8220; global_colors_info=&#8220;{}&#8220; sticky_enabled=&#8220;0&#8243;][\/et_pb_button][et_pb_button button_url=&#8220;https:\/\/www.motalahissar.se\/wp-content\/uploads\/2025\/01\/2000-Optional_design_DE-jan25.pdf&#8220; url_new_window=&#8220;on&#8220; button_text=&#8220;Motala 2000 Optional&#8220; button_alignment=&#8220;left&#8220; _builder_version=&#8220;4.27.4&#8243; hover_enabled=&#8220;0&#8243; locked=&#8220;off&#8220; global_colors_info=&#8220;{}&#8220; sticky_enabled=&#8220;0&#8243;][\/et_pb_button][\/et_pb_column][et_pb_column type=&#8220;1_2&#8243; _builder_version=&#8220;4.16&#8243; custom_padding=&#8220;|||&#8220; global_colors_info=&#8220;{}&#8220; custom_padding__hover=&#8220;|||&#8220;][et_pb_image src=&#8220;https:\/\/www.motalahissar.se\/wp-content\/uploads\/2024\/03\/Motala2000-Kvadrat.webp&#8220; alt=&#8220;MC2000 offener Plattformlift  &#8220; title_text=&#8220;Motala2000-Quadrat&#8220; align_tablet=&#8220;center&#8220; align_phone=&#8220;&#8220; align_last_edited=&#8220;on|desktop&#8220; disabled_on=&#8220;off|off|off&#8220; _builder_version=&#8220;4.24.2&#8243; custom_margin=&#8220;||30px||false|false&#8220; custom_padding=&#8220;0px||0px||true|false&#8220; global_colors_info=&#8220;{}&#8220;]<\/p>\n<p>[\/et_pb_image][et_pb_code _builder_version=&#8220;4.24.2&#8243; _module_preset=&#8220;default&#8220; custom_margin=&#8220;||25px||false|false&#8220; global_colors_info=&#8220;{}&#8220;]<iframe width=\"900\" height=\"500\" src=\"https:\/\/fastout.com\/p\/J7652M4\" frameborder=\"0\" allowfullscreen=\"\"><\/iframe>[\/et_pb_code][et_pb_code _builder_version=&#8220;4.24.2&#8243; _module_preset=&#8220;default&#8220; global_colors_info=&#8220;{}&#8220;]<iframe width=\"560\" height=\"315\" src=\"https:\/\/www.youtube.com\/embed\/rkNdyG5A7bU?si=oVu0t7EmcH69P9Jq\" title=\"YouTube-Video-Player\" frameborder=\"0\" allow=\"accelerometer; autoplay; clipboard-write; encrypted-media; gyroscope; picture-in-picture; web-share\" allowfullscreen=\"\"><\/iframe>[\/et_pb_code][\/et_pb_column][\/et_pb_row][et_pb_row _builder_version=&#8220;4.23.1&#8243; background_size=&#8220;initial&#8220; background_position=&#8220;top_left&#8220; background_repeat=&#8220;repeat&#8220; custom_padding=&#8220;0px||0px||true|false&#8220; global_colors_info=&#8220;{}&#8220;][et_pb_column type=&#8220;4_4&#8243; _builder_version=&#8220;4.16&#8243; custom_padding=&#8220;|||&#8220; global_colors_info=&#8220;{}&#8220; custom_padding__hover=&#8220;|||&#8220;][et_pb_code _builder_version=&#8220;4.24.2&#8243; custom_margin=&#8220;||10px||false|false&#8220; z_index_tablet=&#8220;500&#8243; global_colors_info=&#8220;{}&#8220;]<div id=\"footable_parent_1371\"\n         class=\" footable_parent ninja_table_wrapper loading_ninja_table wp_table_data_press_parent semantic_ui \">\n                <table data-ninja_table_instance=\"ninja_table_instance_0\" data-footable_id=\"1371\" data-filter-delay=\"1000\" aria-label=\"Motala 2000\"            id=\"footable_1371\"\n           data-unique_identifier=\"ninja_table_unique_id_859792244_1371\"\n           class=\" foo-table ninja_footable foo_table_1371 ninja_table_unique_id_859792244_1371 ui table  nt_type_ajax_table selectable striped vertical_centered  footable-paging-right hide_all_borders ninja_table_search_disabled\">\n                <colgroup>\n                            <col class=\"ninja_column_0 \">\n                            <col class=\"ninja_column_1 \">\n                            <col class=\"ninja_column_2 \">\n                            <col class=\"ninja_column_3 \">\n                    <\/colgroup>\n            <\/table>\n    \n    \n    \n<\/div>\n[\/et_pb_code][et_pb_text _builder_version=&#8220;4.24.2&#8243; _module_preset=&#8220;default&#8220; text_text_color=&#8220;#343A40&#8243; global_colors_info=&#8220;{}&#8220;]<\/p>\n<p>Einbauraum +30mm<\/p>\n<p>[\/et_pb_text][\/et_pb_column][\/et_pb_row][\/et_pb_section]<\/p>\n","protected":false},"excerpt":{"rendered":"<p>Motala 2000 Der Motala 2000 ist mit unserem \u00e4u\u00dferst zuverl\u00e4ssigen Kettenantrieb ausgestattet. Im Gegensatz zu Schneckenantrieben, die normalerweise in Plattformliften verwendet werden, verursacht diese Technologie keinen Verschlei\u00df. Der Lift muss nur selten oder gar nicht gewartet werden, um unseren kontrollierten Kettenantrieb auszutauschen oder zu reparieren, und die Technologie verursacht keinen L\u00e4rm. Wir sind von der [&hellip;]<\/p>\n","protected":false},"author":1,"featured_media":0,"parent":0,"menu_order":0,"comment_status":"closed","ping_status":"closed","template":"","meta":{"_et_pb_use_builder":"on","_et_pb_old_content":"","_et_gb_content_width":"","footnotes":""},"class_list":["post-2390","page","type-page","status-publish","hentry"],"yoast_head":"<!-- This site is optimized with the Yoast SEO plugin v27.4 - https:\/\/yoast.com\/product\/yoast-seo-wordpress\/ -->\n<title>MC2000 Plattformlift f\u00fcr beengte R\u00e4ume | Motala Hissar<\/title>\n<meta name=\"description\" content=\"Der MC2000 sorgt f\u00fcr Barrierefreiheit in \u00f6ffentlichen Geb\u00e4uden. Der Lift verf\u00fcgt nicht \u00fcber einen Korb, sondern \u00fcber eine Hebeb\u00fchne, wodurch er in der Anschaffung und Installation deutlich g\u00fcnstiger ist.\" \/>\n<meta name=\"robots\" content=\"index, follow, max-snippet:-1, max-image-preview:large, max-video-preview:-1\" \/>\n<link rel=\"canonical\" href=\"https:\/\/www.motalahissar.se\/de\/motala-2000\/\" \/>\n<meta property=\"og:locale\" content=\"de_DE\" \/>\n<meta property=\"og:type\" content=\"article\" \/>\n<meta property=\"og:title\" content=\"MC2000 Plattformlift f\u00fcr beengte R\u00e4ume | Motala Hissar\" \/>\n<meta property=\"og:description\" content=\"Der MC2000 sorgt f\u00fcr Barrierefreiheit in \u00f6ffentlichen Geb\u00e4uden. Der Lift verf\u00fcgt nicht \u00fcber einen Korb, sondern \u00fcber eine Hebeb\u00fchne, wodurch er in der Anschaffung und Installation deutlich g\u00fcnstiger ist.\" \/>\n<meta property=\"og:url\" content=\"https:\/\/www.motalahissar.se\/de\/motala-2000\/\" \/>\n<meta property=\"og:site_name\" content=\"Motala Hissar\" \/>\n<meta property=\"article:modified_time\" content=\"2025-01-31T12:26:38+00:00\" \/>\n<meta name=\"twitter:card\" content=\"summary_large_image\" \/>\n<meta name=\"twitter:label1\" content=\"Gesch\u00e4tzte Lesezeit\" \/>\n\t<meta name=\"twitter:data1\" content=\"3\u00a0Minuten\" \/>\n<script type=\"application\/ld+json\" class=\"yoast-schema-graph\">{\"@context\":\"https:\\\/\\\/schema.org\",\"@graph\":[{\"@type\":\"WebPage\",\"@id\":\"https:\\\/\\\/www.motalahissar.se\\\/de\\\/motala-2000\\\/\",\"url\":\"https:\\\/\\\/www.motalahissar.se\\\/de\\\/motala-2000\\\/\",\"name\":\"MC2000 Plattformlift f\u00fcr beengte R\u00e4ume | Motala Hissar\",\"isPartOf\":{\"@id\":\"https:\\\/\\\/www.motalahissar.se\\\/de\\\/#website\"},\"datePublished\":\"2024-10-21T09:30:03+00:00\",\"dateModified\":\"2025-01-31T12:26:38+00:00\",\"description\":\"Der MC2000 sorgt f\u00fcr Barrierefreiheit in \u00f6ffentlichen Geb\u00e4uden. Der Lift verf\u00fcgt nicht \u00fcber einen Korb, sondern \u00fcber eine Hebeb\u00fchne, wodurch er in der Anschaffung und Installation deutlich g\u00fcnstiger ist.\",\"breadcrumb\":{\"@id\":\"https:\\\/\\\/www.motalahissar.se\\\/de\\\/motala-2000\\\/#breadcrumb\"},\"inLanguage\":\"de\",\"potentialAction\":[{\"@type\":\"ReadAction\",\"target\":[\"https:\\\/\\\/www.motalahissar.se\\\/de\\\/motala-2000\\\/\"]}]},{\"@type\":\"BreadcrumbList\",\"@id\":\"https:\\\/\\\/www.motalahissar.se\\\/de\\\/motala-2000\\\/#breadcrumb\",\"itemListElement\":[{\"@type\":\"ListItem\",\"position\":1,\"name\":\"Hem\",\"item\":\"https:\\\/\\\/www.motalahissar.se\\\/de\\\/\"},{\"@type\":\"ListItem\",\"position\":2,\"name\":\"Motala 2000\"}]},{\"@type\":\"WebSite\",\"@id\":\"https:\\\/\\\/www.motalahissar.se\\\/de\\\/#website\",\"url\":\"https:\\\/\\\/www.motalahissar.se\\\/de\\\/\",\"name\":\"Motala Hissar\",\"description\":\"Utrymmeseffektiva, innovativa plattformshissar\",\"potentialAction\":[{\"@type\":\"SearchAction\",\"target\":{\"@type\":\"EntryPoint\",\"urlTemplate\":\"https:\\\/\\\/www.motalahissar.se\\\/de\\\/?s={search_term_string}\"},\"query-input\":{\"@type\":\"PropertyValueSpecification\",\"valueRequired\":true,\"valueName\":\"search_term_string\"}}],\"inLanguage\":\"de\"}]}<\/script>\n<!-- \/ Yoast SEO plugin. -->","yoast_head_json":{"title":"MC2000 Plattformlift f\u00fcr beengte R\u00e4ume | Motala Hissar","description":"Der MC2000 sorgt f\u00fcr Barrierefreiheit in \u00f6ffentlichen Geb\u00e4uden. Der Lift verf\u00fcgt nicht \u00fcber einen Korb, sondern \u00fcber eine Hebeb\u00fchne, wodurch er in der Anschaffung und Installation deutlich g\u00fcnstiger ist.","robots":{"index":"index","follow":"follow","max-snippet":"max-snippet:-1","max-image-preview":"max-image-preview:large","max-video-preview":"max-video-preview:-1"},"canonical":"https:\/\/www.motalahissar.se\/de\/motala-2000\/","og_locale":"de_DE","og_type":"article","og_title":"MC2000 Plattformlift f\u00fcr beengte R\u00e4ume | Motala Hissar","og_description":"Der MC2000 sorgt f\u00fcr Barrierefreiheit in \u00f6ffentlichen Geb\u00e4uden. Der Lift verf\u00fcgt nicht \u00fcber einen Korb, sondern \u00fcber eine Hebeb\u00fchne, wodurch er in der Anschaffung und Installation deutlich g\u00fcnstiger ist.","og_url":"https:\/\/www.motalahissar.se\/de\/motala-2000\/","og_site_name":"Motala Hissar","article_modified_time":"2025-01-31T12:26:38+00:00","twitter_card":"summary_large_image","twitter_misc":{"Gesch\u00e4tzte Lesezeit":"3\u00a0Minuten"},"schema":{"@context":"https:\/\/schema.org","@graph":[{"@type":"WebPage","@id":"https:\/\/www.motalahissar.se\/de\/motala-2000\/","url":"https:\/\/www.motalahissar.se\/de\/motala-2000\/","name":"MC2000 Plattformlift f\u00fcr beengte R\u00e4ume | Motala Hissar","isPartOf":{"@id":"https:\/\/www.motalahissar.se\/de\/#website"},"datePublished":"2024-10-21T09:30:03+00:00","dateModified":"2025-01-31T12:26:38+00:00","description":"Der MC2000 sorgt f\u00fcr Barrierefreiheit in \u00f6ffentlichen Geb\u00e4uden. Der Lift verf\u00fcgt nicht \u00fcber einen Korb, sondern \u00fcber eine Hebeb\u00fchne, wodurch er in der Anschaffung und Installation deutlich g\u00fcnstiger ist.","breadcrumb":{"@id":"https:\/\/www.motalahissar.se\/de\/motala-2000\/#breadcrumb"},"inLanguage":"de","potentialAction":[{"@type":"ReadAction","target":["https:\/\/www.motalahissar.se\/de\/motala-2000\/"]}]},{"@type":"BreadcrumbList","@id":"https:\/\/www.motalahissar.se\/de\/motala-2000\/#breadcrumb","itemListElement":[{"@type":"ListItem","position":1,"name":"Hem","item":"https:\/\/www.motalahissar.se\/de\/"},{"@type":"ListItem","position":2,"name":"Motala 2000"}]},{"@type":"WebSite","@id":"https:\/\/www.motalahissar.se\/de\/#website","url":"https:\/\/www.motalahissar.se\/de\/","name":"Motala Hissar","description":"Utrymmeseffektiva, innovativa plattformshissar","potentialAction":[{"@type":"SearchAction","target":{"@type":"EntryPoint","urlTemplate":"https:\/\/www.motalahissar.se\/de\/?s={search_term_string}"},"query-input":{"@type":"PropertyValueSpecification","valueRequired":true,"valueName":"search_term_string"}}],"inLanguage":"de"}]}},"_links":{"self":[{"href":"https:\/\/www.motalahissar.se\/de\/wp-json\/wp\/v2\/pages\/2390","targetHints":{"allow":["GET"]}}],"collection":[{"href":"https:\/\/www.motalahissar.se\/de\/wp-json\/wp\/v2\/pages"}],"about":[{"href":"https:\/\/www.motalahissar.se\/de\/wp-json\/wp\/v2\/types\/page"}],"author":[{"embeddable":true,"href":"https:\/\/www.motalahissar.se\/de\/wp-json\/wp\/v2\/users\/1"}],"replies":[{"embeddable":true,"href":"https:\/\/www.motalahissar.se\/de\/wp-json\/wp\/v2\/comments?post=2390"}],"version-history":[{"count":10,"href":"https:\/\/www.motalahissar.se\/de\/wp-json\/wp\/v2\/pages\/2390\/revisions"}],"predecessor-version":[{"id":3366,"href":"https:\/\/www.motalahissar.se\/de\/wp-json\/wp\/v2\/pages\/2390\/revisions\/3366"}],"wp:attachment":[{"href":"https:\/\/www.motalahissar.se\/de\/wp-json\/wp\/v2\/media?parent=2390"}],"curies":[{"name":"wp","href":"https:\/\/api.w.org\/{rel}","templated":true}]}}