{"id":2608,"date":"2024-10-23T15:27:04","date_gmt":"2024-10-23T13:27:04","guid":{"rendered":"https:\/\/www.motalahissar.se\/productos-y-servicios\/"},"modified":"2024-10-30T11:51:14","modified_gmt":"2024-10-30T10:51:14","slug":"productos-y-servicios","status":"publish","type":"page","link":"https:\/\/www.motalahissar.se\/es\/productos-y-servicios\/","title":{"rendered":"Productos y servicios"},"content":{"rendered":"<p>[et_pb_section fb_built=\u00bb1&#8243; custom_padding_last_edited=\u00bbon|phone\u00bb _builder_version=\u00bb4.23.1&#8243; custom_padding=\u00bb5%|0px|5%|0px|true|false\u00bb custom_padding_tablet=\u00bb8%||8%||true|false\u00bb custom_padding_phone=\u00bb10%||10%||true|false\u00bb global_colors_info=\u00bb{}\u00bb][et_pb_row column_structure=\u00bb1_2,1_2&#8243; use_custom_gutter=\u00bbon\u00bb gutter_width=\u00bb2&#8243; make_equal=\u00bbon\u00bb _builder_version=\u00bb4.16&#8243; background_size=\u00bbinitial\u00bb background_position=\u00bbtop_left\u00bb background_repeat=\u00bbrepeat\u00bb width=\u00bb100%\u00bb width_tablet=\u00bb100%\u00bb width_phone=\u00bb100%\u00bb width_last_edited=\u00bboff|tablet\u00bb max_width=\u00bb70%\u00bb max_width_tablet=\u00bb\u00bb max_width_phone=\u00bb85%\u00bb max_width_last_edited=\u00bbon|phone\u00bb custom_padding=\u00bb0px|0px|0px|0px|false|false\u00bb use_custom_width=\u00bbon\u00bb width_unit=\u00bboff\u00bb custom_width_percent=\u00bb70%\u00bb global_colors_info=\u00bb{}\u00bb][et_pb_column type=\u00bb1_2&#8243; _builder_version=\u00bb4.16&#8243; custom_padding=\u00bb|||\u00bb global_colors_info=\u00bb{}\u00bb custom_padding__hover=\u00bb|||\u00bb][et_pb_text _builder_version=\u00bb4.23.1&#8243; header_font=\u00bb||||||||\u00bb header_3_font=\u00bb||||||||\u00bb width_phone=\u00bb100%\u00bb width_last_edited=\u00bboff|desktop\u00bb max_width_phone=\u00bbnone\u00bb max_width_last_edited=\u00bboff|phone\u00bb custom_padding=\u00bb0px||0px||true|true\u00bb header_font_size_tablet=\u00bb38px\u00bb header_font_size_phone=\u00bb32px\u00bb header_font_size_last_edited=\u00bbon|phone\u00bb header_2_font_size_tablet=\u00bb28px\u00bb header_2_font_size_phone=\u00bb25px\u00bb header_2_font_size_last_edited=\u00bbon|phone\u00bb header_3_font_size_tablet=\u00bb\u00bb header_3_font_size_phone=\u00bb25px\u00bb header_3_font_size_last_edited=\u00bbon|phone\u00bb global_colors_info=\u00bb{}\u00bb]<\/p>\n<h1>Motala Hissar: cuando el espacio es escaso<\/h1>\n<p>Nuestros productos no necesitan una sala de m\u00e1quinas encima del elevador, sino que todo est\u00e1 integrado en el hueco autoportante que siempre se suministra con el producto. Cuando suministramos un hueco autoportante para nuestras plataformas elevadoras, no es necesario un hueco existente, s\u00f3lo necesitamos un agujero a trav\u00e9s de las vigas donde se apoyar\u00e1 el elevador. <\/p>\n<p>Los elevadores accionados por cadena o correa no tienen contrapeso. Esto ahorra espacio, reduce el peso, el precio y reduce al m\u00ednimo el tiempo de instalaci\u00f3n. <\/p>\n<p>&nbsp;<\/p>\n<h2>Nuestros modelos de ascensor:<\/h2>\n<p><a href=\"https:\/\/www.motalahissar.se\/es\/motala-b6\/\"><strong>Motala B6<\/strong><\/a> es un ascensor conforme a la Directiva de Ascensores (EN81-20) y es probablemente el ascensor que ocupa menos espacio del mundo. Suele instalarse en edificios existentes, por ejemplo en huecos de escalera ya existentes, pero tambi\u00e9n ofrece una alternativa de espacio eficiente para nuevas construcciones. Podemos ofrecer soluciones de hasta 30 m de altura de ascensor, 16 pisos, una amplia gama de tama\u00f1os y una velocidad de desplazamiento de 0,6 m\/s.  <\/p>\n<p><a href=\"https:\/\/www.motalahissar.se\/es\/motala-2000\/\"><strong>Motala 2000<\/strong><\/a> viene con nuestra transmisi\u00f3n por cadena de gran fiabilidad. A diferencia de las transmisiones por tornillo, que se utilizan normalmente en las plataformas elevadoras, esta tecnolog\u00eda no implica desgaste, apenas necesita mantenimiento en forma de sustituci\u00f3n o reparaci\u00f3n de nuestra transmisi\u00f3n por cadena controlada, la tecnolog\u00eda no genera ruido. Estamos tan seguros de la fiabilidad de la transmisi\u00f3n por cadena que ofrecemos una garant\u00eda de por vida para los engranajes, la cadena y los ra\u00edles gu\u00eda. Llevamos utilizando esta tecnolog\u00eda sin ning\u00fan problema desde 1995.   <\/p>\n<p><a href=\"https:\/\/www.motalahissar.se\/es\/motala-2000-inicio\/\"><strong>Motala 2000 Home<\/strong><\/a> es una versi\u00f3n ligeramente m\u00e1s sencilla del Motala 2000 para instalar en viviendas.<\/p>\n<p><a href=\"https:\/\/www.motalahissar.se\/es\/cabina-motala-2000\/\"><strong>Motala 2000 Cabina<\/strong><\/a> se suministra con el mismo tipo de transmisi\u00f3n por cadena (cadena controlada) y la misma garant\u00eda de por vida en la transmisi\u00f3n por cadena que el Motala 2000. La diferencia es que el ascensor Motala 2000 Cabina tiene una cesta completa con puertas de cesta, lo que significa que hay control de impulsos del ascensor tanto en llamada como en destino. <\/p>\n<p>&nbsp;<\/p>\n<h2>Servicio sencillo<\/h2>\n<p>La cadena tiene un revestimiento que reduce la fricci\u00f3n. Esto elimina la necesidad de aceite, lo que reduce la necesidad de mantenimiento. No se producen fugas de aceite y no hay residuos de aceite que tratar. Hay menos necesidad de limpieza.   <\/p>\n<p>El sistema de accionamiento el\u00e9ctrico tiene un convertidor de frecuencia que minimiza el consumo de energ\u00eda y proporciona un arranque y una parada suaves. Esto reduce la tensi\u00f3n en el sistema el\u00e9ctrico y proporciona un bajo consumo de energ\u00eda. S\u00f3lo se necesita una fase con fusible de 10 A para nuestro accionamiento por cadena, frente a los 16 A que suelen ser habituales en las instalaciones de plataformas elevadoras cuando se utiliza, por ejemplo, la tecnolog\u00eda de tornillo y tuerca para elevar la plataforma.   <\/p>\n<p>&nbsp;<\/p>\n<h2>Instalaci\u00f3n r\u00e1pida y sencilla<\/h2>\n<p>Todos nuestros productos son f\u00e1ciles de instalar, la plataforma elevadora Motala 2000 puede instalarse en s\u00f3lo dos d\u00edas y la Motala 2000 Cabina en tres, ya que el ascensor se construye desde el interior del hueco con plataformas especiales suministradas por Motala Hissar, por lo que no se necesita andamiaje alrededor del hueco cuando se construye.<\/p>\n<p>&nbsp;<\/p>\n<h2>Garant\u00eda<\/h2>\n<p>Damos una garant\u00eda de por vida en los engranajes, la cadena y los ra\u00edles gu\u00eda de la Motala 2000 y la Motala 2000 Cabina, para demostrar nuestra gran confianza en este dise\u00f1o. Hasta la fecha, nunca hemos sustituido ninguna cadena. En el resto del sistema de transmisi\u00f3n damos una garant\u00eda de 5 a\u00f1os y el resto del elevador est\u00e1 cubierto por la garant\u00eda habitual de 2 a\u00f1os (la garant\u00eda fuera de Suecia es de 1 a\u00f1o).  <\/p>\n<p>[\/et_pb_text][\/et_pb_column][et_pb_column type=\u00bb1_2&#8243; _builder_version=\u00bb4.16&#8243; custom_padding=\u00bb|||\u00bb global_colors_info=\u00bb{}\u00bb custom_padding__hover=\u00bb|||\u00bb][et_pb_image src=\u00bbhttps:\/\/www.motalahissar.se\/wp-content\/uploads\/2024\/02\/Produkter-M2000.webp\u00bb alt=\u00bbascensores para entradas\u00bb align_tablet=\u00bbcenter\u00bb align_phone=\u00bb\u00bb align_last_edited=\u00bbon|desktop\u00bb _builder_version=\u00bb4.24.0&#8243; custom_padding=\u00bb0px||||false|true\u00bb hover_enabled=\u00bb0&#8243; global_colors_info=\u00bb{}\u00bb title_text=\u00bbM2000&#8243; sticky_enabled=\u00bb0&#8243; custom_margin=\u00bb||30px||false|false\u00bb]<br \/>\n[\/et_pb_image][et_pb_image src=\u00bbhttps:\/\/www.motalahissar.se\/wp-content\/uploads\/2024\/02\/Produkter-Knapp.webp\u00bb alt=\u00bbascensores con paneles de f\u00e1cil manejo\u00bb align_tablet=\u00bbcenter\u00bb align_phone=\u00bb\u00bb align_last_edited=\u00bbon|desktop\u00bb _builder_version=\u00bb4.24.0&#8243; custom_padding=\u00bb||||false|true\u00bb hover_enabled=\u00bb0&#8243; global_colors_info=\u00bb{}\u00bb title_text=\u00bbbot\u00f3n\u00bb sticky_enabled=\u00bb0&#8243;]<br \/>\n[\/et_pb_image][\/et_pb_column][\/et_pb_row][\/et_pb_section]<\/p>\n","protected":false},"excerpt":{"rendered":"<p>Motala Hissar: cuando el espacio es escaso Nuestros productos no necesitan una sala de m\u00e1quinas encima del elevador, sino que todo est\u00e1 integrado en el hueco autoportante que siempre se suministra con el producto. Cuando suministramos un hueco autoportante para nuestras plataformas elevadoras, no es necesario un hueco existente, s\u00f3lo necesitamos un agujero a trav\u00e9s [&hellip;]<\/p>\n","protected":false},"author":1,"featured_media":0,"parent":0,"menu_order":0,"comment_status":"closed","ping_status":"closed","template":"","meta":{"_et_pb_use_builder":"on","_et_pb_old_content":"","_et_gb_content_width":"","footnotes":""},"class_list":["post-2608","page","type-page","status-publish","hentry"],"yoast_head":"<!-- This site is optimized with the Yoast SEO plugin v27.4 - https:\/\/yoast.com\/product\/yoast-seo-wordpress\/ -->\n<title>Ascensores que son mejores cuando hay poco espacio | Motala Hissar<\/title>\n<meta name=\"description\" content=\"Los elevadores que aprovechan eficazmente el espacio existente son lo que caracteriza a los productos de Motala Hissar. Lee m\u00e1s sobre nuestras plataformas elevadoras y elevadores de cestas aqu\u00ed.\" \/>\n<meta name=\"robots\" content=\"index, follow, max-snippet:-1, max-image-preview:large, max-video-preview:-1\" \/>\n<link rel=\"canonical\" href=\"https:\/\/www.motalahissar.se\/es\/productos-y-servicios\/\" \/>\n<meta property=\"og:locale\" content=\"es_ES\" \/>\n<meta property=\"og:type\" content=\"article\" \/>\n<meta property=\"og:title\" content=\"Ascensores que son mejores cuando hay poco espacio | Motala Hissar\" \/>\n<meta property=\"og:description\" content=\"Los elevadores que aprovechan eficazmente el espacio existente son lo que caracteriza a los productos de Motala Hissar. Lee m\u00e1s sobre nuestras plataformas elevadoras y elevadores de cestas aqu\u00ed.\" \/>\n<meta property=\"og:url\" content=\"https:\/\/www.motalahissar.se\/es\/productos-y-servicios\/\" \/>\n<meta property=\"og:site_name\" content=\"Motala Hissar\" \/>\n<meta property=\"article:modified_time\" content=\"2024-10-30T10:51:14+00:00\" \/>\n<meta name=\"twitter:card\" content=\"summary_large_image\" \/>\n<meta name=\"twitter:label1\" content=\"Tiempo de lectura\" \/>\n\t<meta name=\"twitter:data1\" content=\"5 minutos\" \/>\n<script type=\"application\/ld+json\" class=\"yoast-schema-graph\">{\"@context\":\"https:\\\/\\\/schema.org\",\"@graph\":[{\"@type\":\"WebPage\",\"@id\":\"https:\\\/\\\/www.motalahissar.se\\\/es\\\/productos-y-servicios\\\/\",\"url\":\"https:\\\/\\\/www.motalahissar.se\\\/es\\\/productos-y-servicios\\\/\",\"name\":\"Ascensores que son mejores cuando hay poco espacio | Motala Hissar\",\"isPartOf\":{\"@id\":\"https:\\\/\\\/www.motalahissar.se\\\/es\\\/#website\"},\"datePublished\":\"2024-10-23T13:27:04+00:00\",\"dateModified\":\"2024-10-30T10:51:14+00:00\",\"description\":\"Los elevadores que aprovechan eficazmente el espacio existente son lo que caracteriza a los productos de Motala Hissar. Lee m\u00e1s sobre nuestras plataformas elevadoras y elevadores de cestas aqu\u00ed.\",\"breadcrumb\":{\"@id\":\"https:\\\/\\\/www.motalahissar.se\\\/es\\\/productos-y-servicios\\\/#breadcrumb\"},\"inLanguage\":\"es\",\"potentialAction\":[{\"@type\":\"ReadAction\",\"target\":[\"https:\\\/\\\/www.motalahissar.se\\\/es\\\/productos-y-servicios\\\/\"]}]},{\"@type\":\"BreadcrumbList\",\"@id\":\"https:\\\/\\\/www.motalahissar.se\\\/es\\\/productos-y-servicios\\\/#breadcrumb\",\"itemListElement\":[{\"@type\":\"ListItem\",\"position\":1,\"name\":\"Hem\",\"item\":\"https:\\\/\\\/www.motalahissar.se\\\/es\\\/\"},{\"@type\":\"ListItem\",\"position\":2,\"name\":\"Productos y servicios\"}]},{\"@type\":\"WebSite\",\"@id\":\"https:\\\/\\\/www.motalahissar.se\\\/es\\\/#website\",\"url\":\"https:\\\/\\\/www.motalahissar.se\\\/es\\\/\",\"name\":\"Motala Hissar\",\"description\":\"Utrymmeseffektiva, innovativa plattformshissar\",\"potentialAction\":[{\"@type\":\"SearchAction\",\"target\":{\"@type\":\"EntryPoint\",\"urlTemplate\":\"https:\\\/\\\/www.motalahissar.se\\\/es\\\/?s={search_term_string}\"},\"query-input\":{\"@type\":\"PropertyValueSpecification\",\"valueRequired\":true,\"valueName\":\"search_term_string\"}}],\"inLanguage\":\"es\"}]}<\/script>\n<!-- \/ Yoast SEO plugin. -->","yoast_head_json":{"title":"Ascensores que son mejores cuando hay poco espacio | Motala Hissar","description":"Los elevadores que aprovechan eficazmente el espacio existente son lo que caracteriza a los productos de Motala Hissar. Lee m\u00e1s sobre nuestras plataformas elevadoras y elevadores de cestas aqu\u00ed.","robots":{"index":"index","follow":"follow","max-snippet":"max-snippet:-1","max-image-preview":"max-image-preview:large","max-video-preview":"max-video-preview:-1"},"canonical":"https:\/\/www.motalahissar.se\/es\/productos-y-servicios\/","og_locale":"es_ES","og_type":"article","og_title":"Ascensores que son mejores cuando hay poco espacio | Motala Hissar","og_description":"Los elevadores que aprovechan eficazmente el espacio existente son lo que caracteriza a los productos de Motala Hissar. Lee m\u00e1s sobre nuestras plataformas elevadoras y elevadores de cestas aqu\u00ed.","og_url":"https:\/\/www.motalahissar.se\/es\/productos-y-servicios\/","og_site_name":"Motala Hissar","article_modified_time":"2024-10-30T10:51:14+00:00","twitter_card":"summary_large_image","twitter_misc":{"Tiempo de lectura":"5 minutos"},"schema":{"@context":"https:\/\/schema.org","@graph":[{"@type":"WebPage","@id":"https:\/\/www.motalahissar.se\/es\/productos-y-servicios\/","url":"https:\/\/www.motalahissar.se\/es\/productos-y-servicios\/","name":"Ascensores que son mejores cuando hay poco espacio | Motala Hissar","isPartOf":{"@id":"https:\/\/www.motalahissar.se\/es\/#website"},"datePublished":"2024-10-23T13:27:04+00:00","dateModified":"2024-10-30T10:51:14+00:00","description":"Los elevadores que aprovechan eficazmente el espacio existente son lo que caracteriza a los productos de Motala Hissar. Lee m\u00e1s sobre nuestras plataformas elevadoras y elevadores de cestas aqu\u00ed.","breadcrumb":{"@id":"https:\/\/www.motalahissar.se\/es\/productos-y-servicios\/#breadcrumb"},"inLanguage":"es","potentialAction":[{"@type":"ReadAction","target":["https:\/\/www.motalahissar.se\/es\/productos-y-servicios\/"]}]},{"@type":"BreadcrumbList","@id":"https:\/\/www.motalahissar.se\/es\/productos-y-servicios\/#breadcrumb","itemListElement":[{"@type":"ListItem","position":1,"name":"Hem","item":"https:\/\/www.motalahissar.se\/es\/"},{"@type":"ListItem","position":2,"name":"Productos y servicios"}]},{"@type":"WebSite","@id":"https:\/\/www.motalahissar.se\/es\/#website","url":"https:\/\/www.motalahissar.se\/es\/","name":"Motala Hissar","description":"Utrymmeseffektiva, innovativa plattformshissar","potentialAction":[{"@type":"SearchAction","target":{"@type":"EntryPoint","urlTemplate":"https:\/\/www.motalahissar.se\/es\/?s={search_term_string}"},"query-input":{"@type":"PropertyValueSpecification","valueRequired":true,"valueName":"search_term_string"}}],"inLanguage":"es"}]}},"_links":{"self":[{"href":"https:\/\/www.motalahissar.se\/es\/wp-json\/wp\/v2\/pages\/2608","targetHints":{"allow":["GET"]}}],"collection":[{"href":"https:\/\/www.motalahissar.se\/es\/wp-json\/wp\/v2\/pages"}],"about":[{"href":"https:\/\/www.motalahissar.se\/es\/wp-json\/wp\/v2\/types\/page"}],"author":[{"embeddable":true,"href":"https:\/\/www.motalahissar.se\/es\/wp-json\/wp\/v2\/users\/1"}],"replies":[{"embeddable":true,"href":"https:\/\/www.motalahissar.se\/es\/wp-json\/wp\/v2\/comments?post=2608"}],"version-history":[{"count":5,"href":"https:\/\/www.motalahissar.se\/es\/wp-json\/wp\/v2\/pages\/2608\/revisions"}],"predecessor-version":[{"id":2796,"href":"https:\/\/www.motalahissar.se\/es\/wp-json\/wp\/v2\/pages\/2608\/revisions\/2796"}],"wp:attachment":[{"href":"https:\/\/www.motalahissar.se\/es\/wp-json\/wp\/v2\/media?parent=2608"}],"curies":[{"name":"wp","href":"https:\/\/api.w.org\/{rel}","templated":true}]}}