{"id":2629,"date":"2024-10-23T15:27:14","date_gmt":"2024-10-23T13:27:14","guid":{"rendered":"https:\/\/www.motalahissar.se\/cabina-motala-2000\/"},"modified":"2025-10-02T14:53:42","modified_gmt":"2025-10-02T12:53:42","slug":"cabina-motala-2000","status":"publish","type":"page","link":"https:\/\/www.motalahissar.se\/es\/cabina-motala-2000\/","title":{"rendered":"Motala 2000 Cabina"},"content":{"rendered":"<p>[et_pb_section fb_built=\u00bb1&#8243; custom_padding_last_edited=\u00bbon|phone\u00bb _builder_version=\u00bb4.23.1&#8243; custom_padding=\u00bb5%|0px|5%|0px|true|false\u00bb custom_padding_tablet=\u00bb8%||8%||true|false\u00bb custom_padding_phone=\u00bb10%||10%||true|false\u00bb locked=\u00bboff\u00bb global_colors_info=\u00bb{}\u00bb][et_pb_row column_structure=\u00bb1_2,1_2&#8243; use_custom_gutter=\u00bbon\u00bb gutter_width=\u00bb2&#8243; make_equal=\u00bbon\u00bb _builder_version=\u00bb4.16&#8243; background_size=\u00bbinitial\u00bb background_position=\u00bbtop_left\u00bb background_repeat=\u00bbrepeat\u00bb width=\u00bb70%\u00bb width_tablet=\u00bb\u00bb width_phone=\u00bb85%\u00bb width_last_edited=\u00bbon|phone\u00bb max_width_phone=\u00bb1080px\u00bb max_width_last_edited=\u00bboff|phone\u00bb custom_padding=\u00bb0px|0px|70px|0px|false|false\u00bb use_custom_width=\u00bbon\u00bb width_unit=\u00bboff\u00bb custom_width_percent=\u00bb70%\u00bb global_colors_info=\u00bb{}\u00bb][et_pb_column type=\u00bb1_2&#8243; _builder_version=\u00bb4.16&#8243; custom_padding=\u00bb|||\u00bb global_colors_info=\u00bb{}\u00bb custom_padding__hover=\u00bb|||\u00bb][et_pb_text _builder_version=\u00bb4.24.2&#8243; custom_padding=\u00bb0px||0px||true|false\u00bb header_font_size_tablet=\u00bb\u00bb header_font_size_phone=\u00bb32px\u00bb header_font_size_last_edited=\u00bbon|desktop\u00bb header_2_font_size_tablet=\u00bb28px\u00bb header_2_font_size_phone=\u00bb25px\u00bb header_2_font_size_last_edited=\u00bbon|phone\u00bb global_colors_info=\u00bb{}\u00bb]<\/p>\n<h1>Motala 2000 Cabina<\/h1>\n<p>La <a href=\"https:\/\/www.motalahissar.se\/es\/motala-2000\/\">Motala 2000<\/a> Cabina es una evoluci\u00f3n de nuestra plataforma elevadora Motala 2000, que se utiliza a menudo para proporcionar accesibilidad en edificios p\u00fablicos. Nuestra nueva versi\u00f3n tiene una cesta en lugar de una plataforma, lo que hace que sea a\u00fan m\u00e1s seguro para las personas subir al ascensor. El ascensor puede realizar un transporte de 15 metros con 2-6 paradas.  <\/p>\n<p>El Motala 2000 Cabina se suministra con el mismo tipo de accionamiento <a href=\"https:\/\/www.motalahissar.se\/es\/innovaciones\/\">por cadena<\/a> (cadena controlada) que el Motala 2000. La diferencia es que este ascensor tiene una cesta completa con puertas de cesta, lo que significa que hay control de impulsos del ascensor tanto en llamada como en destino. <\/p>\n<p>La Motala 2000 Cabina tiene una <a href=\"https:\/\/www.motalahissar.se\/es\/innovaciones\/\">puerta enrollable<\/a>. La puerta ocupa menos espacio en profundidad que las puertas dobles est\u00e1ndar y aumenta el espacio interior del ascensor hasta 40 cm. Al abrirse, la puerta rodea la cabina, con lo que tambi\u00e9n se ahorra el espacio de los laterales que de otro modo se utilizar\u00eda para el mecanismo de la puerta.  <\/p>\n<p>Con su funcionamiento silencioso y seguro, la Motala 2000 Cabina cumple los requisitos actuales de los edificios sin ocupar m\u00e1s espacio del absolutamente necesario. El ascensor es reciclable en un 95%. <\/p>\n<p>Las caracter\u00edsticas est\u00e1ndar incluyen pasamanos de acero inoxidable, dispositivo de peso de la carga, armario de control integrado en el panel del hueco y luz LED en el hueco. Las puertas del ascensor pueden montarse en cualquier lado corto de la cabina y abrirse por la izquierda o la derecha, seg\u00fan se desee; tambi\u00e9n est\u00e1n disponibles con certificaci\u00f3n contra incendios. Para m\u00e1s caracter\u00edsticas y opciones, consulta los datos t\u00e9cnicos aqu\u00ed.  <\/p>\n<p>El hueco del ascensor se puede acristalar por todos los lados, lo que le da un aspecto atractivo. El <strong>ascensor tambi\u00e9n es respetuoso con el medio ambiente<\/strong>: el consumo de energ\u00eda es s\u00f3lo un tercio del de la mayor\u00eda de los productos comparables y no requiere cambios de aceite para su mantenimiento.<\/p>\n<p>&nbsp;<\/p>\n<h2>Servicio sencillo<\/h2>\n<p>La cadena tiene un revestimiento que reduce la fricci\u00f3n. Esto elimina la necesidad de aceite, lo que reduce la necesidad de mantenimiento. No se producen fugas de aceite y no hay residuos de aceite con los que lidiar. Hay menos necesidad de limpieza.   <\/p>\n<p>El sistema de accionamiento el\u00e9ctrico tiene un convertidor de frecuencia que minimiza el consumo de energ\u00eda y proporciona un arranque y parada suaves. Esto reduce la tensi\u00f3n en el sistema el\u00e9ctrico y proporciona un bajo consumo de energ\u00eda. S\u00f3lo se necesita una fase con fusible de 10 A para nuestro accionamiento por cadena, frente a los 16 A que suelen ser habituales en las instalaciones de plataformas elevadoras cuando se utiliza, por ejemplo, la tecnolog\u00eda de tornillo y tuerca para elevar la plataforma.   <\/p>\n<p>&nbsp;<\/p>\n<h2>Instalaci\u00f3n r\u00e1pida y sencilla<\/h2>\n<p>La instalaci\u00f3n es r\u00e1pida y sencilla, y s\u00f3lo lleva unos d\u00edas. El elevador est\u00e1 dise\u00f1ado para un manejo f\u00e1cil, fabricado con tecnolog\u00eda inteligente y alta calidad. La Motala 2000 est\u00e1 certificada seg\u00fan la norma EN81-41.  <\/p>\n<p>&nbsp;<\/p>\n<h2>Garant\u00eda<\/h2>\n<p>Damos una garant\u00eda de por vida en los engranajes, la cadena y los ra\u00edles gu\u00eda de la Motala 2000 y la Motala 2000 Cabina, para demostrar nuestra gran confianza en este dise\u00f1o. Hasta la fecha, nunca hemos sustituido ninguna cadena. En el resto del sistema de transmisi\u00f3n damos una garant\u00eda de 5 a\u00f1os y el resto del elevador est\u00e1 cubierto por la garant\u00eda habitual de 2 a\u00f1os (la garant\u00eda fuera de Suecia es de 1 a\u00f1o).  <\/p>\n<p>&nbsp;<\/p>\n<h2>Ficha del producto<\/h2>\n<p>[\/et_pb_text][et_pb_button button_url=\u00bbhttps:\/\/www.motalahissar.se\/wp-content\/uploads\/2025\/10\/Motala-2000-Cabina_ES.pdf\u00bb url_new_window=\u00bbon\u00bb button_text=\u00bbMotala 2000 Cabina\u00bb button_alignment=\u00bbleft\u00bb _builder_version=\u00bb4.23.1&#8243; locked=\u00bboff\u00bb global_colors_info=\u00bb{}\u00bb][\/et_pb_button][et_pb_button button_url=\u00bbhttps:\/\/www.motalahissar.se\/wp-content\/uploads\/2025\/10\/Motala-2000-Cabina-opciones_ES.pdf\u00bb url_new_window=\u00bbon\u00bb button_text=\u00bbMotala 2000 Cabina Opcional\u00bb button_alignment=\u00bbleft\u00bb _builder_version=\u00bb4.24.2&#8243; locked=\u00bboff\u00bb global_colors_info=\u00bb{}\u00bb][\/et_pb_button][\/et_pb_column][et_pb_column type=\u00bb1_2&#8243; _builder_version=\u00bb4.16&#8243; custom_padding=\u00bb|||\u00bb global_colors_info=\u00bb{}\u00bb custom_padding__hover=\u00bb|||\u00bb][et_pb_image src=\u00bbhttps:\/\/www.motalahissar.se\/wp-content\/uploads\/2022\/05\/Motala-MC-2000-Cabin-PH.jpg\u00bb alt=\u00bbPlataforma elevadora de Motala 2000 Cabina \u00bb title_text=\u00bbMotala-MC-2000-Cabin-PH\u00bb align_tablet=\u00bbcenter\u00bb align_phone=\u00bb\u00bb align_last_edited=\u00bbon|desktop\u00bb _builder_version=\u00bb4.27.0&#8243; custom_padding=\u00bb0px||0px||true|false\u00bb hover_enabled=\u00bb0&#8243; global_colors_info=\u00bb{}\u00bb custom_margin=\u00bb||30px||false|false\u00bb sticky_enabled=\u00bb0&#8243;]<\/p>\n<p>[\/et_pb_image][et_pb_code _builder_version=\u00bb4.27.0&#8243; _module_preset=\u00bbdefault\u00bb hover_enabled=\u00bb0&#8243; sticky_enabled=\u00bb0&#8243;]<iframe width=\"560\" height=\"315\" src=\"https:\/\/www.youtube.com\/embed\/3oYd2TYrh4A?si=11krvmQm8RF95lF8\" title=\"Reproductor de v\u00eddeo de YouTube\" frameborder=\"0\" allow=\"accelerometer; autoplay; clipboard-write; encrypted-media; gyroscope; picture-in-picture; web-share\" referrerpolicy=\"strict-origin-when-cross-origin\" allowfullscreen=\"\"><\/iframe>[\/et_pb_code][\/et_pb_column][\/et_pb_row][et_pb_row _builder_version=\u00bb4.23.1&#8243; background_size=\u00bbinitial\u00bb background_position=\u00bbtop_left\u00bb background_repeat=\u00bbrepeat\u00bb custom_padding=\u00bb0px||0px||true|false\u00bb locked=\u00bboff\u00bb global_colors_info=\u00bb{}\u00bb][et_pb_column type=\u00bb4_4&#8243; _builder_version=\u00bb4.16&#8243; custom_padding=\u00bb|||\u00bb global_colors_info=\u00bb{}\u00bb custom_padding__hover=\u00bb|||\u00bb][et_pb_code _builder_version=\u00bb4.24.2&#8243; custom_margin=\u00bb||10px||false|false\u00bb z_index_tablet=\u00bb500&#8243; global_colors_info=\u00bb{}\u00bb]<div id=\"footable_parent_1384\"\n         class=\" footable_parent ninja_table_wrapper loading_ninja_table wp_table_data_press_parent semantic_ui \">\n                <table data-ninja_table_instance=\"ninja_table_instance_0\" data-footable_id=\"1384\" data-filter-delay=\"1000\" aria-label=\"Motala 2000 Kabin\"            id=\"footable_1384\"\n           data-unique_identifier=\"ninja_table_unique_id_919447849_1384\"\n           class=\" foo-table ninja_footable foo_table_1384 ninja_table_unique_id_919447849_1384 ui table  nt_type_ajax_table selectable striped vertical_centered  footable-paging-right hide_all_borders ninja_table_search_disabled\">\n                <colgroup>\n                            <col class=\"ninja_column_0 \">\n                            <col class=\"ninja_column_1 \">\n                    <\/colgroup>\n            <\/table>\n    \n    \n    \n<\/div>\n[\/et_pb_code][et_pb_text _builder_version=\u00bb4.24.2&#8243; _module_preset=\u00bbdefault\u00bb text_text_color=\u00bb#343A40&#8243; global_colors_info=\u00bb{}\u00bb]<\/p>\n<p>Espacio de instalaci\u00f3n +30 mm<\/p>\n<p>[\/et_pb_text][\/et_pb_column][\/et_pb_row][\/et_pb_section]<\/p>\n","protected":false},"excerpt":{"rendered":"<p>Motala 2000 Cabina La Motala 2000 Cabina es una evoluci\u00f3n de nuestra plataforma elevadora Motala 2000, que se utiliza a menudo para proporcionar accesibilidad en edificios p\u00fablicos. Nuestra nueva versi\u00f3n tiene una cesta en lugar de una plataforma, lo que hace que sea a\u00fan m\u00e1s seguro para las personas subir al ascensor. El ascensor puede [&hellip;]<\/p>\n","protected":false},"author":1,"featured_media":0,"parent":0,"menu_order":0,"comment_status":"closed","ping_status":"closed","template":"","meta":{"_et_pb_use_builder":"on","_et_pb_old_content":"","_et_gb_content_width":"","footnotes":""},"class_list":["post-2629","page","type-page","status-publish","hentry"],"yoast_head":"<!-- This site is optimized with the Yoast SEO plugin v27.4 - https:\/\/yoast.com\/product\/yoast-seo-wordpress\/ -->\n<title>Plataforma elevadora de Motala 2000 Cabina con cesta Motala Hissar<\/title>\n<meta name=\"description\" content=\"La cabina Motala 2000 es una evoluci\u00f3n de nuestra plataforma elevadora Motala 2000, que suele utilizarse para proporcionar accesibilidad en edificios p\u00fablicos.\" \/>\n<meta name=\"robots\" content=\"index, follow, max-snippet:-1, max-image-preview:large, max-video-preview:-1\" \/>\n<link rel=\"canonical\" href=\"https:\/\/www.motalahissar.se\/es\/cabina-motala-2000\/\" \/>\n<meta property=\"og:locale\" content=\"es_ES\" \/>\n<meta property=\"og:type\" content=\"article\" \/>\n<meta property=\"og:title\" content=\"Plataforma elevadora de Motala 2000 Cabina con cesta Motala Hissar\" \/>\n<meta property=\"og:description\" content=\"La cabina Motala 2000 es una evoluci\u00f3n de nuestra plataforma elevadora Motala 2000, que suele utilizarse para proporcionar accesibilidad en edificios p\u00fablicos.\" \/>\n<meta property=\"og:url\" content=\"https:\/\/www.motalahissar.se\/es\/cabina-motala-2000\/\" \/>\n<meta property=\"og:site_name\" content=\"Motala Hissar\" \/>\n<meta property=\"article:modified_time\" content=\"2025-10-02T12:53:42+00:00\" \/>\n<meta name=\"twitter:card\" content=\"summary_large_image\" \/>\n<meta name=\"twitter:label1\" content=\"Tiempo de lectura\" \/>\n\t<meta name=\"twitter:data1\" content=\"4 minutos\" \/>\n<script type=\"application\/ld+json\" class=\"yoast-schema-graph\">{\"@context\":\"https:\\\/\\\/schema.org\",\"@graph\":[{\"@type\":\"WebPage\",\"@id\":\"https:\\\/\\\/www.motalahissar.se\\\/es\\\/cabina-motala-2000\\\/\",\"url\":\"https:\\\/\\\/www.motalahissar.se\\\/es\\\/cabina-motala-2000\\\/\",\"name\":\"Plataforma elevadora de Motala 2000 Cabina con cesta Motala Hissar\",\"isPartOf\":{\"@id\":\"https:\\\/\\\/www.motalahissar.se\\\/es\\\/#website\"},\"datePublished\":\"2024-10-23T13:27:14+00:00\",\"dateModified\":\"2025-10-02T12:53:42+00:00\",\"description\":\"La cabina Motala 2000 es una evoluci\u00f3n de nuestra plataforma elevadora Motala 2000, que suele utilizarse para proporcionar accesibilidad en edificios p\u00fablicos.\",\"breadcrumb\":{\"@id\":\"https:\\\/\\\/www.motalahissar.se\\\/es\\\/cabina-motala-2000\\\/#breadcrumb\"},\"inLanguage\":\"es\",\"potentialAction\":[{\"@type\":\"ReadAction\",\"target\":[\"https:\\\/\\\/www.motalahissar.se\\\/es\\\/cabina-motala-2000\\\/\"]}]},{\"@type\":\"BreadcrumbList\",\"@id\":\"https:\\\/\\\/www.motalahissar.se\\\/es\\\/cabina-motala-2000\\\/#breadcrumb\",\"itemListElement\":[{\"@type\":\"ListItem\",\"position\":1,\"name\":\"Hem\",\"item\":\"https:\\\/\\\/www.motalahissar.se\\\/es\\\/\"},{\"@type\":\"ListItem\",\"position\":2,\"name\":\"Motala 2000 Cabina\"}]},{\"@type\":\"WebSite\",\"@id\":\"https:\\\/\\\/www.motalahissar.se\\\/es\\\/#website\",\"url\":\"https:\\\/\\\/www.motalahissar.se\\\/es\\\/\",\"name\":\"Motala Hissar\",\"description\":\"Utrymmeseffektiva, innovativa plattformshissar\",\"potentialAction\":[{\"@type\":\"SearchAction\",\"target\":{\"@type\":\"EntryPoint\",\"urlTemplate\":\"https:\\\/\\\/www.motalahissar.se\\\/es\\\/?s={search_term_string}\"},\"query-input\":{\"@type\":\"PropertyValueSpecification\",\"valueRequired\":true,\"valueName\":\"search_term_string\"}}],\"inLanguage\":\"es\"}]}<\/script>\n<!-- \/ Yoast SEO plugin. -->","yoast_head_json":{"title":"Plataforma elevadora de Motala 2000 Cabina con cesta Motala Hissar","description":"La cabina Motala 2000 es una evoluci\u00f3n de nuestra plataforma elevadora Motala 2000, que suele utilizarse para proporcionar accesibilidad en edificios p\u00fablicos.","robots":{"index":"index","follow":"follow","max-snippet":"max-snippet:-1","max-image-preview":"max-image-preview:large","max-video-preview":"max-video-preview:-1"},"canonical":"https:\/\/www.motalahissar.se\/es\/cabina-motala-2000\/","og_locale":"es_ES","og_type":"article","og_title":"Plataforma elevadora de Motala 2000 Cabina con cesta Motala Hissar","og_description":"La cabina Motala 2000 es una evoluci\u00f3n de nuestra plataforma elevadora Motala 2000, que suele utilizarse para proporcionar accesibilidad en edificios p\u00fablicos.","og_url":"https:\/\/www.motalahissar.se\/es\/cabina-motala-2000\/","og_site_name":"Motala Hissar","article_modified_time":"2025-10-02T12:53:42+00:00","twitter_card":"summary_large_image","twitter_misc":{"Tiempo de lectura":"4 minutos"},"schema":{"@context":"https:\/\/schema.org","@graph":[{"@type":"WebPage","@id":"https:\/\/www.motalahissar.se\/es\/cabina-motala-2000\/","url":"https:\/\/www.motalahissar.se\/es\/cabina-motala-2000\/","name":"Plataforma elevadora de Motala 2000 Cabina con cesta Motala Hissar","isPartOf":{"@id":"https:\/\/www.motalahissar.se\/es\/#website"},"datePublished":"2024-10-23T13:27:14+00:00","dateModified":"2025-10-02T12:53:42+00:00","description":"La cabina Motala 2000 es una evoluci\u00f3n de nuestra plataforma elevadora Motala 2000, que suele utilizarse para proporcionar accesibilidad en edificios p\u00fablicos.","breadcrumb":{"@id":"https:\/\/www.motalahissar.se\/es\/cabina-motala-2000\/#breadcrumb"},"inLanguage":"es","potentialAction":[{"@type":"ReadAction","target":["https:\/\/www.motalahissar.se\/es\/cabina-motala-2000\/"]}]},{"@type":"BreadcrumbList","@id":"https:\/\/www.motalahissar.se\/es\/cabina-motala-2000\/#breadcrumb","itemListElement":[{"@type":"ListItem","position":1,"name":"Hem","item":"https:\/\/www.motalahissar.se\/es\/"},{"@type":"ListItem","position":2,"name":"Motala 2000 Cabina"}]},{"@type":"WebSite","@id":"https:\/\/www.motalahissar.se\/es\/#website","url":"https:\/\/www.motalahissar.se\/es\/","name":"Motala Hissar","description":"Utrymmeseffektiva, innovativa plattformshissar","potentialAction":[{"@type":"SearchAction","target":{"@type":"EntryPoint","urlTemplate":"https:\/\/www.motalahissar.se\/es\/?s={search_term_string}"},"query-input":{"@type":"PropertyValueSpecification","valueRequired":true,"valueName":"search_term_string"}}],"inLanguage":"es"}]}},"_links":{"self":[{"href":"https:\/\/www.motalahissar.se\/es\/wp-json\/wp\/v2\/pages\/2629","targetHints":{"allow":["GET"]}}],"collection":[{"href":"https:\/\/www.motalahissar.se\/es\/wp-json\/wp\/v2\/pages"}],"about":[{"href":"https:\/\/www.motalahissar.se\/es\/wp-json\/wp\/v2\/types\/page"}],"author":[{"embeddable":true,"href":"https:\/\/www.motalahissar.se\/es\/wp-json\/wp\/v2\/users\/1"}],"replies":[{"embeddable":true,"href":"https:\/\/www.motalahissar.se\/es\/wp-json\/wp\/v2\/comments?post=2629"}],"version-history":[{"count":8,"href":"https:\/\/www.motalahissar.se\/es\/wp-json\/wp\/v2\/pages\/2629\/revisions"}],"predecessor-version":[{"id":3735,"href":"https:\/\/www.motalahissar.se\/es\/wp-json\/wp\/v2\/pages\/2629\/revisions\/3735"}],"wp:attachment":[{"href":"https:\/\/www.motalahissar.se\/es\/wp-json\/wp\/v2\/media?parent=2629"}],"curies":[{"name":"wp","href":"https:\/\/api.w.org\/{rel}","templated":true}]}}