{"id":2653,"date":"2024-10-23T15:27:35","date_gmt":"2024-10-23T13:27:35","guid":{"rendered":"https:\/\/www.motalahissar.se\/motala-b6\/"},"modified":"2025-10-02T14:23:22","modified_gmt":"2025-10-02T12:23:22","slug":"motala-b6","status":"publish","type":"page","link":"https:\/\/www.motalahissar.se\/es\/motala-b6\/","title":{"rendered":"Motala B6"},"content":{"rendered":"<p>[et_pb_section fb_built=\u00bb1&#8243; custom_padding_last_edited=\u00bbon|phone\u00bb _builder_version=\u00bb4.23.1&#8243; custom_padding=\u00bb5%|0px|5%|0px|true|false\u00bb custom_padding_tablet=\u00bb8%||8%||true|false\u00bb custom_padding_phone=\u00bb10%||10%||true|false\u00bb locked=\u00bboff\u00bb global_colors_info=\u00bb{}\u00bb][et_pb_row column_structure=\u00bb1_2,1_2&#8243; use_custom_gutter=\u00bbon\u00bb gutter_width=\u00bb2&#8243; make_equal=\u00bbon\u00bb _builder_version=\u00bb4.16&#8243; background_size=\u00bbinitial\u00bb background_position=\u00bbtop_left\u00bb background_repeat=\u00bbrepeat\u00bb width=\u00bb70%\u00bb width_tablet=\u00bb\u00bb width_phone=\u00bb85%\u00bb width_last_edited=\u00bbon|phone\u00bb max_width_phone=\u00bb1080px\u00bb max_width_last_edited=\u00bboff|phone\u00bb custom_padding=\u00bb0px|0px|70px|0px|false|false\u00bb use_custom_width=\u00bbon\u00bb width_unit=\u00bboff\u00bb custom_width_percent=\u00bb70%\u00bb global_colors_info=\u00bb{}\u00bb][et_pb_column type=\u00bb1_2&#8243; _builder_version=\u00bb4.16&#8243; custom_padding=\u00bb|||\u00bb global_colors_info=\u00bb{}\u00bb custom_padding__hover=\u00bb|||\u00bb][et_pb_text _builder_version=\u00bb4.23.1&#8243; custom_padding=\u00bb0px||0px||true|false\u00bb header_font_size_tablet=\u00bb\u00bb header_font_size_phone=\u00bb32px\u00bb header_font_size_last_edited=\u00bbon|desktop\u00bb header_2_font_size_tablet=\u00bb28px\u00bb header_2_font_size_phone=\u00bb25px\u00bb header_2_font_size_last_edited=\u00bbon|phone\u00bb global_colors_info=\u00bb{}\u00bb]<\/p>\n<h1>Motala B6<\/h1>\n<p>El Motala B6 es un ascensor conforme a la Directiva de Ascensores (EN81-20) y es probablemente el ascensor que ocupa menos espacio del mundo. Con la Motala B6 obtienes el mayor espacio en la cabina en relaci\u00f3n con el espacio requerido por el hueco autoportante.  Se instala con mayor frecuencia en edificios existentes, por ejemplo, en escaleras, pero tambi\u00e9n ofrece una alternativa que optimiza el espacio en construcciones nuevas. Ofrecemos soluciones con alturas de ascensor de hasta 30 m, 16 plantas, una amplia gama de tama\u00f1os y una velocidad de desplazamiento de 0,6 m\/s. <\/p>\n<p>La Motala B6 se acciona por correa para ofrecer la m\u00e1xima comodidad, seguridad y el m\u00ednimo ruido. Puedes elegir poner cristal o mezclar paneles macizos con cristal completamente a tu gusto. Un hueco acristalado proporciona una luz agradable en el hueco de una escalera, por ejemplo, y hace que el trayecto parezca m\u00e1s espacioso. La Motala B6 tiene una puerta enrollable. La puerta ocupa menos espacio en profundidad que las puertas dobles est\u00e1ndar y aumenta el espacio interior del ascensor hasta 40 cm. Cuando se abre, la puerta envuelve la cabina, con lo que tambi\u00e9n se ahorra el espacio de los laterales que de otro modo se utilizar\u00eda para el mecanismo de la puerta.     <\/p>\n<p>&nbsp;<\/p>\n<h2>Servicio sencillo<\/h2>\n<p>La transmisi\u00f3n por correa es muy fiable, la correa est\u00e1 reforzada con 12 cables de acero moldeados, lo que la hace extremadamente duradera y tiene un funcionamiento silencioso. El intervalo de mantenimiento de la correa de nuestra Motala B6 es de 10 a\u00f1os o 1.000.000 de arranques. <\/p>\n<p>&nbsp;<\/p>\n<h2>Instalaci\u00f3n r\u00e1pida y sencilla<\/h2>\n<p>La instalaci\u00f3n del Motala B6 lleva unos cinco d\u00edas, ya que el ascensor se construye desde el interior del hueco con plataformas especiales suministradas por Motala Hissar, por lo que no se necesita andamiaje alrededor del hueco cuando se construye.<\/p>\n<p>&nbsp;<\/p>\n<h2>Garant\u00eda<\/h2>\n<p>Ofrecemos una garant\u00eda de 5 a\u00f1os para el sistema de accionamiento y el resto del elevador est\u00e1 cubierto por la garant\u00eda habitual de 2 a\u00f1os (la garant\u00eda fuera de Suecia es de 1 a\u00f1o).<\/p>\n<p>&nbsp;<\/p>\n<h2>Ficha del producto<\/h2>\n<p>[\/et_pb_text][et_pb_button button_url=\u00bbhttps:\/\/www.motalahissar.se\/wp-content\/uploads\/2025\/10\/Motala-B6_ES.pdf\u00bb url_new_window=\u00bbon\u00bb button_text=\u00bbMotala B6&#8243; button_alignment=\u00bbleft\u00bb _builder_version=\u00bb4.23.1&#8243; locked=\u00bboff\u00bb global_colors_info=\u00bb{}\u00bb][\/et_pb_button][et_pb_button button_url=\u00bbhttps:\/\/www.motalahissar.se\/wp-content\/uploads\/2025\/10\/Motala-B6-Opciones_ES.pdf\u00bb url_new_window=\u00bbon\u00bb button_text=\u00bbMotala B6 opcional\u00bb button_alignment=\u00bbleft\u00bb _builder_version=\u00bb4.23.1&#8243; locked=\u00bboff\u00bb global_colors_info=\u00bb{}\u00bb][\/et_pb_button][\/et_pb_column][et_pb_column type=\u00bb1_2&#8243; _builder_version=\u00bb4.16&#8243; custom_padding=\u00bb|||\u00bb global_colors_info=\u00bb{}\u00bb custom_padding__hover=\u00bb|||\u00bb][et_pb_image src=\u00bbhttps:\/\/www.motalahissar.se\/wp-content\/uploads\/2024\/03\/MotalaB6-Kvadrat.webp\u00bb alt=\u00bbPlataforma elevadora de Motala 2000 Cabina \u00bb title_text=\u00bbMotalaB6-cuadrado\u00bb align_tablet=\u00bbcenter\u00bb align_phone=\u00bb\u00bb align_last_edited=\u00bbon|desktop\u00bb _builder_version=\u00bb4.24.2&#8243; custom_margin=\u00bb||30px||false|false\u00bb custom_padding=\u00bb0px||0px||true|false\u00bb global_colors_info=\u00bb{}\u00bb]<\/p>\n<p>[\/et_pb_image][et_pb_code _builder_version=\u00bb4.24.2&#8243; _module_preset=\u00bbdefault\u00bb custom_margin=\u00bb||25px||false|false\u00bb global_colors_info=\u00bb{}\u00bb]<iframe width=\"900\" height=\"500\" src=\"https:\/\/fastout.com\/p\/SBB6W94\" frameborder=\"0\" allowfullscreen=\"\"><\/iframe>[\/et_pb_code][et_pb_code _builder_version=\u00bb4.24.2&#8243; _module_preset=\u00bbdefault\u00bb global_colors_info=\u00bb{}\u00bb]<iframe width=\"560\" height=\"315\" src=\"https:\/\/www.youtube.com\/embed\/kun5MnYhYGI?si=xK5yyhUmybtLr5kb\" title=\"Reproductor de v\u00eddeo de YouTube\" frameborder=\"0\" allow=\"accelerometer; autoplay; clipboard-write; encrypted-media; gyroscope; picture-in-picture; web-share\" allowfullscreen=\"\"><\/iframe>[\/et_pb_code][\/et_pb_column][\/et_pb_row][et_pb_row _builder_version=\u00bb4.23.1&#8243; background_size=\u00bbinitial\u00bb background_position=\u00bbtop_left\u00bb background_repeat=\u00bbrepeat\u00bb custom_padding=\u00bb0px||0px||true|false\u00bb locked=\u00bboff\u00bb global_colors_info=\u00bb{}\u00bb][et_pb_column type=\u00bb4_4&#8243; _builder_version=\u00bb4.16&#8243; custom_padding=\u00bb|||\u00bb global_colors_info=\u00bb{}\u00bb custom_padding__hover=\u00bb|||\u00bb][et_pb_code disabled_on=\u00bboff|off|off\u00bb _builder_version=\u00bb4.27.2&#8243; custom_margin=\u00bb||10px||false|false\u00bb z_index_tablet=\u00bb500&#8243; global_colors_info=\u00bb{}\u00bb]<div id=\"footable_parent_1802\"\n         class=\" footable_parent ninja_table_wrapper loading_ninja_table wp_table_data_press_parent semantic_ui \">\n                <table data-ninja_table_instance=\"ninja_table_instance_0\" data-footable_id=\"1802\" data-filter-delay=\"1000\" aria-label=\"Motala B6\"            id=\"footable_1802\"\n           data-unique_identifier=\"ninja_table_unique_id_83052142_1802\"\n           class=\" foo-table ninja_footable foo_table_1802 ninja_table_unique_id_83052142_1802 ui table  nt_type_ajax_table selectable striped vertical_centered  footable-paging-right hide_all_borders ninja_table_search_disabled\">\n                <colgroup>\n                            <col class=\"ninja_column_0 \">\n                            <col class=\"ninja_column_1 \">\n                            <col class=\"ninja_column_2 \">\n                            <col class=\"ninja_column_3 \">\n                    <\/colgroup>\n            <\/table>\n    \n    \n    \n<\/div>\n[\/et_pb_code][et_pb_text _builder_version=\u00bb4.27.2&#8243; _module_preset=\u00bbdefault\u00bb text_text_color=\u00bb#343A40&#8243; hover_enabled=\u00bb0&#8243; global_colors_info=\u00bb{}\u00bb sticky_enabled=\u00bb0&#8243;]<\/p>\n<p>Espacio de instalaci\u00f3n +30 mm<\/p>\n<p>[\/et_pb_text][\/et_pb_column][\/et_pb_row][\/et_pb_section]<\/p>\n","protected":false},"excerpt":{"rendered":"<p>Motala B6 El Motala B6 es un ascensor conforme a la Directiva de Ascensores (EN81-20) y es probablemente el ascensor que ocupa menos espacio del mundo. Con la Motala B6 obtienes el mayor espacio en la cabina en relaci\u00f3n con el espacio requerido por el hueco autoportante. Se instala con mayor frecuencia en edificios existentes, [&hellip;]<\/p>\n","protected":false},"author":1,"featured_media":0,"parent":0,"menu_order":0,"comment_status":"closed","ping_status":"closed","template":"","meta":{"_et_pb_use_builder":"on","_et_pb_old_content":"","_et_gb_content_width":"","footnotes":""},"class_list":["post-2653","page","type-page","status-publish","hentry"],"yoast_head":"<!-- This site is optimized with the Yoast SEO plugin v27.4 - https:\/\/yoast.com\/product\/yoast-seo-wordpress\/ -->\n<title>Motala B6 - Motala Hissar<\/title>\n<meta name=\"robots\" content=\"index, follow, max-snippet:-1, max-image-preview:large, max-video-preview:-1\" \/>\n<link rel=\"canonical\" href=\"https:\/\/www.motalahissar.se\/es\/motala-b6\/\" \/>\n<meta property=\"og:locale\" content=\"es_ES\" \/>\n<meta property=\"og:type\" content=\"article\" \/>\n<meta property=\"og:title\" content=\"Motala B6 - Motala Hissar\" \/>\n<meta property=\"og:description\" content=\"Motala B6 El Motala B6 es un ascensor conforme a la Directiva de Ascensores (EN81-20) y es probablemente el ascensor que ocupa menos espacio del mundo. Con la Motala B6 obtienes el mayor espacio en la cabina en relaci\u00f3n con el espacio requerido por el hueco autoportante. Se instala con mayor frecuencia en edificios existentes, [&hellip;]\" \/>\n<meta property=\"og:url\" content=\"https:\/\/www.motalahissar.se\/es\/motala-b6\/\" \/>\n<meta property=\"og:site_name\" content=\"Motala Hissar\" \/>\n<meta property=\"article:modified_time\" content=\"2025-10-02T12:23:22+00:00\" \/>\n<meta name=\"twitter:card\" content=\"summary_large_image\" \/>\n<meta name=\"twitter:label1\" content=\"Tiempo de lectura\" \/>\n\t<meta name=\"twitter:data1\" content=\"2 minutos\" \/>\n<script type=\"application\/ld+json\" class=\"yoast-schema-graph\">{\"@context\":\"https:\\\/\\\/schema.org\",\"@graph\":[{\"@type\":\"WebPage\",\"@id\":\"https:\\\/\\\/www.motalahissar.se\\\/es\\\/motala-b6\\\/\",\"url\":\"https:\\\/\\\/www.motalahissar.se\\\/es\\\/motala-b6\\\/\",\"name\":\"Motala B6 - Motala Hissar\",\"isPartOf\":{\"@id\":\"https:\\\/\\\/www.motalahissar.se\\\/es\\\/#website\"},\"datePublished\":\"2024-10-23T13:27:35+00:00\",\"dateModified\":\"2025-10-02T12:23:22+00:00\",\"breadcrumb\":{\"@id\":\"https:\\\/\\\/www.motalahissar.se\\\/es\\\/motala-b6\\\/#breadcrumb\"},\"inLanguage\":\"es\",\"potentialAction\":[{\"@type\":\"ReadAction\",\"target\":[\"https:\\\/\\\/www.motalahissar.se\\\/es\\\/motala-b6\\\/\"]}]},{\"@type\":\"BreadcrumbList\",\"@id\":\"https:\\\/\\\/www.motalahissar.se\\\/es\\\/motala-b6\\\/#breadcrumb\",\"itemListElement\":[{\"@type\":\"ListItem\",\"position\":1,\"name\":\"Hem\",\"item\":\"https:\\\/\\\/www.motalahissar.se\\\/es\\\/\"},{\"@type\":\"ListItem\",\"position\":2,\"name\":\"Motala B6\"}]},{\"@type\":\"WebSite\",\"@id\":\"https:\\\/\\\/www.motalahissar.se\\\/es\\\/#website\",\"url\":\"https:\\\/\\\/www.motalahissar.se\\\/es\\\/\",\"name\":\"Motala Hissar\",\"description\":\"Utrymmeseffektiva, innovativa plattformshissar\",\"potentialAction\":[{\"@type\":\"SearchAction\",\"target\":{\"@type\":\"EntryPoint\",\"urlTemplate\":\"https:\\\/\\\/www.motalahissar.se\\\/es\\\/?s={search_term_string}\"},\"query-input\":{\"@type\":\"PropertyValueSpecification\",\"valueRequired\":true,\"valueName\":\"search_term_string\"}}],\"inLanguage\":\"es\"}]}<\/script>\n<!-- \/ Yoast SEO plugin. -->","yoast_head_json":{"title":"Motala B6 - Motala Hissar","robots":{"index":"index","follow":"follow","max-snippet":"max-snippet:-1","max-image-preview":"max-image-preview:large","max-video-preview":"max-video-preview:-1"},"canonical":"https:\/\/www.motalahissar.se\/es\/motala-b6\/","og_locale":"es_ES","og_type":"article","og_title":"Motala B6 - Motala Hissar","og_description":"Motala B6 El Motala B6 es un ascensor conforme a la Directiva de Ascensores (EN81-20) y es probablemente el ascensor que ocupa menos espacio del mundo. Con la Motala B6 obtienes el mayor espacio en la cabina en relaci\u00f3n con el espacio requerido por el hueco autoportante. Se instala con mayor frecuencia en edificios existentes, [&hellip;]","og_url":"https:\/\/www.motalahissar.se\/es\/motala-b6\/","og_site_name":"Motala Hissar","article_modified_time":"2025-10-02T12:23:22+00:00","twitter_card":"summary_large_image","twitter_misc":{"Tiempo de lectura":"2 minutos"},"schema":{"@context":"https:\/\/schema.org","@graph":[{"@type":"WebPage","@id":"https:\/\/www.motalahissar.se\/es\/motala-b6\/","url":"https:\/\/www.motalahissar.se\/es\/motala-b6\/","name":"Motala B6 - Motala Hissar","isPartOf":{"@id":"https:\/\/www.motalahissar.se\/es\/#website"},"datePublished":"2024-10-23T13:27:35+00:00","dateModified":"2025-10-02T12:23:22+00:00","breadcrumb":{"@id":"https:\/\/www.motalahissar.se\/es\/motala-b6\/#breadcrumb"},"inLanguage":"es","potentialAction":[{"@type":"ReadAction","target":["https:\/\/www.motalahissar.se\/es\/motala-b6\/"]}]},{"@type":"BreadcrumbList","@id":"https:\/\/www.motalahissar.se\/es\/motala-b6\/#breadcrumb","itemListElement":[{"@type":"ListItem","position":1,"name":"Hem","item":"https:\/\/www.motalahissar.se\/es\/"},{"@type":"ListItem","position":2,"name":"Motala B6"}]},{"@type":"WebSite","@id":"https:\/\/www.motalahissar.se\/es\/#website","url":"https:\/\/www.motalahissar.se\/es\/","name":"Motala Hissar","description":"Utrymmeseffektiva, innovativa plattformshissar","potentialAction":[{"@type":"SearchAction","target":{"@type":"EntryPoint","urlTemplate":"https:\/\/www.motalahissar.se\/es\/?s={search_term_string}"},"query-input":{"@type":"PropertyValueSpecification","valueRequired":true,"valueName":"search_term_string"}}],"inLanguage":"es"}]}},"_links":{"self":[{"href":"https:\/\/www.motalahissar.se\/es\/wp-json\/wp\/v2\/pages\/2653","targetHints":{"allow":["GET"]}}],"collection":[{"href":"https:\/\/www.motalahissar.se\/es\/wp-json\/wp\/v2\/pages"}],"about":[{"href":"https:\/\/www.motalahissar.se\/es\/wp-json\/wp\/v2\/types\/page"}],"author":[{"embeddable":true,"href":"https:\/\/www.motalahissar.se\/es\/wp-json\/wp\/v2\/users\/1"}],"replies":[{"embeddable":true,"href":"https:\/\/www.motalahissar.se\/es\/wp-json\/wp\/v2\/comments?post=2653"}],"version-history":[{"count":5,"href":"https:\/\/www.motalahissar.se\/es\/wp-json\/wp\/v2\/pages\/2653\/revisions"}],"predecessor-version":[{"id":3721,"href":"https:\/\/www.motalahissar.se\/es\/wp-json\/wp\/v2\/pages\/2653\/revisions\/3721"}],"wp:attachment":[{"href":"https:\/\/www.motalahissar.se\/es\/wp-json\/wp\/v2\/media?parent=2653"}],"curies":[{"name":"wp","href":"https:\/\/api.w.org\/{rel}","templated":true}]}}